{"id":15405,"date":"2022-05-18T08:03:55","date_gmt":"2022-05-18T08:03:55","guid":{"rendered":"https:\/\/www.sybercode.com\/?page_id=15405"},"modified":"2023-02-27T12:14:09","modified_gmt":"2023-02-27T12:14:09","slug":"etkinlik-aydinlatma-metni","status":"publish","type":"page","link":"https:\/\/www.sybercode.com\/en\/etkinlik-aydinlatma-metni\/","title":{"rendered":"Etkinlik Ayd\u0131nlatma Metni"},"content":{"rendered":"<p style=\"text-align: center;\"><strong><u>T\u00dcV AUSTRIA SYBERCODE B\u0130L\u0130\u015e\u0130M TEKNOLOJ\u0130LER\u0130 ANON\u0130M \u015e\u0130RKET\u0130<\/u><\/strong><\/p>\n<p style=\"text-align: center;\"><strong><u>ETK\u0130NL\u0130K KAPSAMINDA TOPLANAN<\/u><\/strong><\/p>\n<p style=\"text-align: center;\"><strong><u>K\u0130\u015e\u0130SEL VER\u0130LER\u0130N KORUNMASI AYDINLATMA METN\u0130<\/u><\/strong><\/p>\n<p><strong>\u00a0<\/strong><\/p>\n<p>T\u00dcV AUSTRIA SYBERCODE B\u0130L\u0130\u015e\u0130M TEKNOLOJ\u0130LER\u0130 ANON\u0130M \u015e\u0130RKET\u0130 (T\u00dcV AUSTRIA SYBERCODE B\u0130L\u0130\u015e\u0130M TEKNOLOJ\u0130LER\u0130 ANON\u0130M \u015e\u0130RKET\u0130<strong>\u00a0<\/strong>veya<strong> \u015eirket<\/strong>) olarak, ki\u015fisel verilerinizin korunmas\u0131na yo\u011fun hassasiyet g\u00f6stermekte ve \u00f6nem vermekteyiz. Bu bilin\u00e7le, T\u00dcV AUSTRIA SYBERCODE B\u0130L\u0130\u015e\u0130M TEKNOLOJ\u0130LER\u0130 ANON\u0130M \u015e\u0130RKET\u0130\u00a0ile ili\u015fkili t\u00fcm \u015fah\u0131slara ait her t\u00fcrl\u00fc ki\u015fisel verileri, 6698 say\u0131l\u0131 Ki\u015fisel Verilerin Korunmas\u0131 Kanunu (<strong>KVKK<\/strong>)\u2019na uygun olarak i\u015flemekteyiz.<\/p>\n<p><strong>T\u00dcV AUSTRIA SYBERCODE B\u0130L\u0130\u015e\u0130M TEKNOLOJ\u0130LER\u0130 ANON\u0130M \u015e\u0130RKET\u0130,<\/strong> KVKK\u2019da tan\u0131ml\u0131 \u015fekli ile, <strong>\u201cVeri Sorumlusu\u201d<\/strong> s\u0131fat\u0131yla, ki\u015fisel verilerinizi a\u015fa\u011f\u0131da a\u00e7\u0131kland\u0131\u011f\u0131 ama\u00e7 ve y\u00f6ntemlerle, mevzuat taraf\u0131ndan belirlenen s\u0131n\u0131rlar \u00e7er\u00e7evesinde, \u00f6zenle ve dikkatle i\u015flemektedir;<\/p>\n<ol>\n<li><strong>Tan\u0131mlar<\/strong><\/li>\n<\/ol>\n<p>\u0130\u015fbu Ayd\u0131nlatma Metni kapsam\u0131nda ge\u00e7en;<\/p>\n<p><strong>Ki\u015fisel Veri:<\/strong> Kimli\u011fi belirli veya belirlenebilir ger\u00e7ek ki\u015fiye ili\u015fkin her t\u00fcrl\u00fc veri (ad, soyad\u0131, T.C. kimlik numaras\u0131, adres, telefon, sisteme giri\u015f\/\u00e7\u0131k\u0131\u015f zamanlar\u0131, bulunulan konum, \u00f6zge\u00e7mi\u015fler, do\u011fum yeri, do\u011fum tarihi, e-posta adresi, g\u00f6r\u00fcnt\u00fc kay\u0131tlar\u0131 ve sair benzer t\u00fcm veriler),<\/p>\n<p><strong>\u00a0<\/strong><\/p>\n<p><strong>\u00d6zel Nitelikli Ki\u015fisel Veri: <\/strong>\u00d6\u011frenilmesi halinde ilgili ki\u015fi hakk\u0131nda ayr\u0131mc\u0131l\u0131k yap\u0131lmas\u0131na veya ma\u011fduriyete neden olabilecek, di\u011fer ki\u015fisel verilere g\u00f6re \u00e7ok daha s\u0131k\u0131 \u015fekilde korunmalar\u0131 gereken her t\u00fcrl\u00fc veri (\u0131rk, etnik k\u00f6ken, siyasi d\u00fc\u015f\u00fcnce, dini inan\u00e7, mezhep, k\u0131yafet, sendika \u00fcyeli\u011fi, sa\u011fl\u0131k, biyometrik veriler ve sair benzer t\u00fcm veriler),<\/p>\n<p><strong>\u00a0<\/strong><\/p>\n<p><strong>Ki\u015fisel Verilerin \u0130\u015flenmesi:<\/strong> Ki\u015fisel verilerin otomatik olan ya da herhangi bir veri kay\u0131t sisteminin bir par\u00e7as\u0131 olmak kayd\u0131yla otomatik olmayan yollarla elde edilmesi, kaydedilmesi, depolanmas\u0131, de\u011fi\u015ftirilmesi, \u00fc\u00e7\u00fcnc\u00fc ki\u015filerle payla\u015f\u0131lmas\u0131 ve yurtd\u0131\u015f\u0131na transfer edilmesi dahil ki\u015fisel veriler \u00fczerinde ger\u00e7ekle\u015ftirilen her t\u00fcrl\u00fc i\u015flem,<\/p>\n<p><strong>\u00a0<\/strong><\/p>\n<p><strong>KVKK:<\/strong> 7 Nisan 2016 tarihinde Resm\u00ee Gazete\u2019de yay\u0131mlanarak y\u00fcr\u00fcrl\u00fc\u011fe giren 6698 say\u0131l\u0131 Ki\u015fisel Verilerin Korunmas\u0131 Kanunu,<\/p>\n<p><strong>\u00a0<\/strong><\/p>\n<p><strong>Kurum:<\/strong> Ki\u015fisel Verileri Koruma Kurumu,<\/p>\n<p><strong>\u00a0<\/strong><\/p>\n<p><strong>Veri \u0130\u015fleyen:<\/strong> Veri sorumlusunun verdi\u011fi yetkiye dayanarak onun ad\u0131na Ki\u015fisel Verileri i\u015fleyen ger\u00e7ek veya t\u00fczel ki\u015fi,<\/p>\n<p><strong>\u00a0<\/strong><\/p>\n<p><strong>Veri Sorumlusu:<\/strong> Ki\u015fisel Verilerin i\u015fleme ama\u00e7lar\u0131n\u0131 ve vas\u0131talar\u0131n\u0131 belirleyen, veri kay\u0131t sisteminin kurulmas\u0131ndan ve y\u00f6netilmesinden sorumlu olan ger\u00e7ek veya t\u00fczel ki\u015fi,<\/p>\n<p><strong>\u00a0<\/strong><\/p>\n<p><strong>Veri Sahibi:<\/strong> Ki\u015fisel Verisi i\u015flenen ger\u00e7ek ki\u015fi,<\/p>\n<p><strong>\u00a0<\/strong><\/p>\n<p>T\u00dcV AUSTRIA SYBERCODE B\u0130L\u0130\u015e\u0130M TEKNOLOJ\u0130LER\u0130 ANON\u0130M \u015e\u0130RKET\u0130<\/p>\n<p>&nbsp;<\/p>\n<p>anlamlar\u0131na gelmektedir.<\/p>\n<p>&nbsp;<\/p>\n<ol start=\"2\">\n<li><strong>Ki\u015fisel Verilerin Toplanmas\u0131, Toplanma Y\u00f6ntemi ve \u0130\u015flenmesi<\/strong><\/li>\n<\/ol>\n<p>M\u00fc\u015fterilerimizin, potansiyel m\u00fc\u015fterilerimizin, \u00e7al\u0131\u015fanlar\u0131m\u0131z\u0131n, \u015firket yetkililerimizin, tedarik\u00e7ilerimizin, i\u015f ortaklar\u0131m\u0131z\u0131n, i\u015fbirli\u011fi i\u00e7inde oldu\u011fumuz firma \u00e7al\u0131\u015fanlar\u0131n\u0131n, ziyaret\u00e7ilerimizin ve sair 3. ki\u015filerin, uhdemizde bulunan ki\u015fisel verileri, T\u00fcrkiye Cumhuriyeti Anayasas\u0131, \u00fclkemizin taraf oldu\u011fu uluslararas\u0131 s\u00f6zle\u015fmeler ve 6698 say\u0131l\u0131 Ki\u015fisel Verilerin Korunmas\u0131 Kanunu ba\u015fta olmak \u00fczere ilgili mevzuatlar \u00e7er\u00e7evesinde, otomatik ya da otomatik olmayan y\u00f6ntemlerle, \u015eirketimiz ilgili birimleri, ileti\u015fim formlar\u0131, muhtelif s\u00f6zle\u015fmeler, elektronik posta veya benzeri vas\u0131talarla s\u00f6zl\u00fc, yaz\u0131l\u0131 ya da elektronik olarak \u015eirketimiz T\u00dcV AUSTRIA SYBERCODE B\u0130L\u0130\u015e\u0130M TEKNOLOJ\u0130LER\u0130 ANON\u0130M \u015e\u0130RKET\u0130\u00a0taraf\u0131ndan toplanabilecektir, i\u015flenebilecektir.<\/p>\n<p>\u0130\u015flenen Ki\u015fisel Veriler, \u0130lgili Ki\u015fi \u2019ye g\u00f6re farkl\u0131l\u0131k g\u00f6sterebilece\u011finden, a\u015fa\u011f\u0131da yer alan Ki\u015fisel Veri kategorileri ve Ki\u015fisel Veriler, her \u0130lgili Ki\u015fi bak\u0131m\u0131ndan farkl\u0131l\u0131k arz edebilecek ve bu do\u011frultuda ilgili hizmetin niteli\u011fine g\u00f6re de\u011fi\u015fkenlik g\u00f6sterebilecektir.<\/p>\n<p>Bu nedenle, KVKK kapsam\u0131nda, Veri Sorumlusu s\u0131fat\u0131yla, Ki\u015fisel Verilerin \u0130\u015flenmesi konusunda sizleri ayd\u0131nlatmak istiyoruz.<\/p>\n<ol start=\"3\">\n<li>T\u00dcV AUSTRIA SYBERCODE B\u0130L\u0130\u015e\u0130M TEKNOLOJ\u0130LER\u0130 ANON\u0130M \u015e\u0130RKET\u0130 <strong>B\u00fcnyesinde Toplanan, Elde Edilen, \u0130\u015flenen Ki\u015fisel ve \u00d6zel Nitelikli Verileriniz<\/strong><\/li>\n<\/ol>\n<p><img fetchpriority=\"high\" decoding=\"async\" class=\"alignnone wp-image-15411\" src=\"https:\/\/www.sybercode.com\/wp-content\/uploads\/2022\/05\/Resim1.png\" alt=\"\" width=\"1022\" height=\"196\" srcset=\"https:\/\/www.sybercode.com\/wp-content\/uploads\/2022\/05\/Resim1.png 1053w, https:\/\/www.sybercode.com\/wp-content\/uploads\/2022\/05\/Resim1-300x58.png 300w, https:\/\/www.sybercode.com\/wp-content\/uploads\/2022\/05\/Resim1-1024x196.png 1024w, https:\/\/www.sybercode.com\/wp-content\/uploads\/2022\/05\/Resim1-768x147.png 768w, https:\/\/www.sybercode.com\/wp-content\/uploads\/2022\/05\/Resim1-18x3.png 18w\" sizes=\"(max-width: 1022px) 100vw, 1022px\" \/><\/p>\n<ol start=\"4\">\n<li><strong>Ki\u015fisel Verileri Koruma Kanunun<\/strong> <strong>, 5. ve 6. maddeleri uyar\u0131nca ki\u015fisel verileriniz;<\/strong><\/li>\n<\/ol>\n<ul>\n<li>Hukuka ve d\u00fcr\u00fcstl\u00fck kurallar\u0131na uygun bi\u00e7imde,<\/li>\n<li>\u0130\u015flenme ama\u00e7lar\u0131 ile ba\u011flant\u0131l\u0131, s\u0131n\u0131rl\u0131 ve \u00f6l\u00e7\u00fcl\u00fc olarak,<\/li>\n<li>Do\u011fru ve gerekti\u011finde g\u00fcncel olarak,<\/li>\n<li>Belirli, a\u00e7\u0131k ve me\u015fru ama\u00e7lar i\u00e7in,<\/li>\n<li>\u0130lgili mevzuatta \u00f6ng\u00f6r\u00fclen veya i\u015flendikleri ama\u00e7 i\u00e7in gerekli olan s\u00fcre kadar muhafaza edilerek, i\u015flenecektir.<\/li>\n<\/ul>\n<p>&nbsp;<\/p>\n<ol start=\"5\">\n<li><strong>Ki\u015fisel Verilerinizin Aktar\u0131lmas\u0131 <\/strong><\/li>\n<\/ol>\n<p>Ki\u015fisel verileriniz, KVKK \u2019n\u0131n 8. Maddesine uygun olarak ve gerekli teknik\/idari tedbirler al\u0131narak, yukar\u0131da belirtilen ama\u00e7larla s\u0131n\u0131rl\u0131 olmak ko\u015fulu ile hissedarlar\u0131m\u0131z, i\u015f ortaklar\u0131m\u0131z, tedarik\u00e7ilerimiz, i\u015f ba\u011flant\u0131lar\u0131m\u0131z, ifa yard\u0131mc\u0131lar\u0131m\u0131z ile \u015eirket faaliyet konusu ve amac\u0131 do\u011frultusunda ya da d\u00fczenleyici denetleyici kurumlar ve resmi mercilerle ilgili mevzuat\u0131n \u00f6ng\u00f6rd\u00fc\u011f\u00fc durumlarda yurt i\u00e7ine veya yurt d\u0131\u015f\u0131na aktar\u0131labilecektir.<\/p>\n<ol start=\"6\">\n<li><strong>Verilerin Saklanmas\u0131 ve Silinmesi <\/strong><\/li>\n<\/ol>\n<p>\u015eirketimiz, i\u015fledi\u011fi ki\u015fisel verileri, mevzuatlarda, \u015eirket prosed\u00fcrlerinde ve \u015eirket politikalar\u0131nda belirlenen s\u00fcrelerde saklamaktad\u0131r.<\/p>\n<p>Mevzuatta ayr\u0131ca s\u00fcre belirlenmemi\u015f olmas\u0131 halinde; ki\u015fisel veriler \u015firketimizin o veriyi i\u015flerken sundu\u011fu hizmetlerle ba\u011fl\u0131 olarak \u015eirketimizin uygulamalar\u0131 ve ticari ya\u015fam\u0131n\u0131n team\u00fclleri uyar\u0131nca i\u015flenmesini gerektiren s\u00fcre kadar ve bu s\u00fcreden sonra sadece olas\u0131 hukuki uyu\u015fmazl\u0131klarda delil te\u015fkil etmesi amac\u0131yla uygulamada gereklili\u011fi ortaya konulan s\u00fcreler boyunca saklamaktad\u0131r. Belirtilen s\u00fcrelerin sona ermesinden sonra s\u00f6z konusu ki\u015fisel veriler \u015firket prosed\u00fcr ve politikalar\u0131nda tan\u0131mlanan metotlar ile silinmekte, yok edilmekte veya anonim hale getirilmektedir.<\/p>\n<ol start=\"7\">\n<li><strong>Veri Sahibi Olarak Haklar\u0131n\u0131z <\/strong>\n<ul>\n<li><strong>KVKK\u2019n\u0131n 11. maddesi \u00e7er\u00e7evesinde, <\/strong><\/li>\n<\/ul>\n<\/li>\n<\/ol>\n<ul>\n<li>Ki\u015fisel verilerinizin i\u015flenip i\u015flenmedi\u011fini \u00f6\u011frenme,<\/li>\n<li>Ki\u015fisel verileriniz i\u015flenmi\u015fse buna ili\u015fkin bilgi talep etme,<\/li>\n<li>Ki\u015fisel verilerin i\u015flenme amac\u0131n\u0131 ve bunlar\u0131n amac\u0131na uygun kullan\u0131l\u0131p kullan\u0131lmad\u0131\u011f\u0131n\u0131 \u00f6\u011frenme,<\/li>\n<li>Yurt i\u00e7inde veya yurt d\u0131\u015f\u0131nda ki\u015fisel verilerinizin aktar\u0131ld\u0131\u011f\u0131 \u00fc\u00e7\u00fcnc\u00fc ki\u015fileri bilme,<\/li>\n<li>Ki\u015fisel verilerinizin eksik veya yanl\u0131\u015f i\u015flenmi\u015f olmas\u0131 halinde bunlar\u0131n d\u00fczeltilmesini isteme,<\/li>\n<li>KVKK mevzuat\u0131nda ve sair mevzuatlarda \u00f6ng\u00f6r\u00fclen \u015fartlar \u00e7er\u00e7evesinde, ki\u015fisel verilerinizin silinmesini veya yok edilmesini isteme,<\/li>\n<li>Eksik veya yanl\u0131\u015f verilerin d\u00fczeltilmesi ile ki\u015fisel verilerinizin silinmesi veya yok edilmesini talep etti\u011finizde, bu durumun ki\u015fisel verilerinizin aktar\u0131ld\u0131\u011f\u0131 \u00fc\u00e7\u00fcnc\u00fc ki\u015filere bildirilmesini isteme,<\/li>\n<li>\u0130\u015flenen verilerin m\u00fcnhas\u0131ran otomatik sistemler vas\u0131tas\u0131yla analiz edilmesi suretiyle aleyhinize bir sonucun ortaya \u00e7\u0131kmas\u0131na itiraz etme,<\/li>\n<li>Ki\u015fisel verilerin kanuna ayk\u0131r\u0131 olarak i\u015flenmesi sebebiyle zarara u\u011framan\u0131z halinde bu zarar\u0131n giderilmesini talep etme,<\/li>\n<\/ul>\n<p>&nbsp;<\/p>\n<p>haklar\u0131na sahipsiniz.<\/p>\n<p>Yukar\u0131da belirtilen haklar\u0131n\u0131z\u0131 kullanmak i\u00e7in, KVKK&#8217;nun 13. maddesinin 1. f\u0131kras\u0131 gere\u011fince, kimli\u011finizi tespit edici gerekli bilgiler ile, KVKK&#8217;nun 11. maddesinde belirtilen\u00a0haklardan kullanmay\u0131 talep etti\u011finiz hakk\u0131n\u0131za y\u00f6nelik a\u00e7\u0131klamalar\u0131n\u0131z\u0131 i\u00e7erecek \u015fekilde, <strong>\u201c<a href=\"https:\/\/www.sybercode.com\/wp-content\/uploads\/2022\/05\/Veri_Sahibi_Basvuru_Formu.pdf\">Veri Sahibi Ba\u015fvuru Formu<\/a>\u201d<\/strong> adresindeki formu doldurarak, formun\u00a0imzal\u0131 bir n\u00fcshas\u0131n\u0131;<\/p>\n<p>\u201cT\u00dcV AUSTRIA SYBERCODE B\u0130L\u0130\u015e\u0130M TEKNOLOJ\u0130LER\u0130 ANON\u0130M \u015e\u0130RKET\u0130. \u00c7aml\u0131k Mh. Din\u00e7 Sk. No:28 \u00dcmraniye\/\u0130STANBUL<strong>\u201d<\/strong> adresine posta yolu ile ya da elden,<\/p>\n<p>Formu taratarak : <a href=\"mailto:tuvaustriasybercode@bilisim.hs01.kep.tr\">tuvaustriasybercode@bilisim.hs01.kep.tr<\/a> adresine kay\u0131tl\u0131 elektronik posta yolu ile,<\/p>\n<p>iletmelisiniz.<\/p>\n<p>Ki\u015fisel veri sahibi olarak sahip oldu\u011funuz ve yukar\u0131da belirtilen haklar\u0131n\u0131z\u0131 kullanmak i\u00e7in yapaca\u011f\u0131n\u0131z ve kullanmay\u0131 talep etti\u011finiz hakka ili\u015fkin a\u00e7\u0131klamalar\u0131n\u0131z\u0131 i\u00e7eren ba\u015fvuruda;<\/p>\n<p>&nbsp;<\/p>\n<ul>\n<li>Talep etti\u011finiz hususun a\u00e7\u0131k ve anla\u015f\u0131l\u0131r olmas\u0131,<\/li>\n<li>Talep etti\u011finiz konunun \u015fahs\u0131n\u0131z ile ilgili olmas\u0131,<\/li>\n<li>Ba\u015fkas\u0131 ad\u0131na hareket ediyor iseniz bu konuda \u00f6zel olarak yetkinizin belgelendirilmesi,<\/li>\n<li>Kimlik ve adres bilgilerinin bulunmas\u0131,<\/li>\n<li>Kimli\u011fi tevsik edici belgelerin ekli olmas\u0131,<\/li>\n<\/ul>\n<p>&nbsp;<\/p>\n<p>gerekmektedir.<\/p>\n<p><strong>8.2.<\/strong>Ki\u015fisel veri sahibi, KVKK 14. maddesi gere\u011fince, ba\u015fvurunun reddedilmesi, verilen cevab\u0131n yetersiz bulunmas\u0131 veya s\u00fcresinde ba\u015fvuruya cevap verilmemesi hallerinde; \u015eirketimizin cevab\u0131n\u0131 \u00f6\u011frendi\u011fi tarihten itibaren otuz ve her halde ki\u015finin onay\u0131 ile ba\u015fvuru tarihinden itibaren altm\u0131\u015f g\u00fcn i\u00e7inde Kurul\u2019a \u015fik\u00e2yette bulunabilir.<\/p>\n<p>Talebinizin niteli\u011fine g\u00f6re en k\u0131sa s\u00fcrede ve en ge\u00e7 30(otuz) g\u00fcn i\u00e7inde \u00fccretsiz olarak ba\u015fvurular\u0131n\u0131z sonu\u00e7land\u0131r\u0131lacakt\u0131r; ancak Kanun\u2019un 13. maddesi \u00e7er\u00e7evesinde ayr\u0131ca bir maliyet do\u011fmas\u0131 halinde \u015eirket\u2019in Ki\u015fisel Verileri Koruma Kurulunca belirlenecek tarifeye g\u00f6re taraf\u0131n\u0131zdan \u00fccret talep edebilme hakk\u0131 sakl\u0131d\u0131r.<\/p>\n<p><strong>8.3. <\/strong>KVKK\u2019n\u0131n 28\/2 maddesi uyar\u0131nca; a\u015fa\u011f\u0131da belirtilen durumlarda ki\u015fisel veri sahipleri zarar\u0131n giderilmesini talep etme hakk\u0131 hari\u00e7 olmak \u00fczere, yukar\u0131da belirtilen di\u011fer haklar\u0131n\u0131 ileri s\u00fcremezler;<\/p>\n<ul>\n<li>Ki\u015fisel veri i\u015flemenin su\u00e7 i\u015flenmesinin \u00f6nlenmesi veya su\u00e7 soru\u015fturmas\u0131 i\u00e7in gerekli olmas\u0131,<\/li>\n<li>Ki\u015fisel veri sahibi taraf\u0131ndan kendisi taraf\u0131ndan alenile\u015ftirilmi\u015f ki\u015fisel verilerin i\u015flenmesi,<\/li>\n<li>Ki\u015fisel veri i\u015flemenin kanunun verdi\u011fi yetkiye dayan\u0131larak g\u00f6revli ve yetkili kamu kurum ve kurulu\u015flar\u0131 ile kamu kurumu niteli\u011findeki meslek kurulu\u015flar\u0131nca, denetleme veya d\u00fczenleme g\u00f6revlerinin y\u00fcr\u00fct\u00fclmesi ile disiplin soru\u015fturma veya kovu\u015fturmas\u0131 i\u00e7in gerekli olmas\u0131,<\/li>\n<li>Ki\u015fisel veri i\u015flemenin b\u00fct\u00e7e, vergi ve mali konulara ili\u015fkin olarak, devletin ekonomik ve mali \u00e7\u0131karlar\u0131n\u0131n korunmas\u0131 i\u00e7in gerekli olmas\u0131.<\/li>\n<\/ul>\n<ol start=\"9\">\n<li><strong> KVKK uyar\u0131nca T\u00dcV AUSTRIA SYBERCODE B\u0130L\u0130\u015e\u0130M TEKNOLOJ\u0130LER\u0130 ANON\u0130M \u015e\u0130RKET\u0130\u2019un Ki\u015fisel Verilerinizi A\u00e7\u0131k R\u0131zan\u0131z Olmaks\u0131z\u0131n \u0130\u015fleyebilece\u011fi Haller <\/strong><\/li>\n<\/ol>\n<p><strong>9.1.<\/strong> KVKK\u2019nun 5. maddesi uyar\u0131nca, a\u015fa\u011f\u0131daki hallerde T\u00dcV AUSTRIA SYBERCODE B\u0130L\u0130\u015e\u0130M TEKNOLOJ\u0130LER\u0130 ANON\u0130M \u015e\u0130RKET\u0130, a\u00e7\u0131k r\u0131zan\u0131z aranmaks\u0131z\u0131n yukar\u0131da belirtilen ve kanuna uygun olarak alm\u0131\u015f oldu\u011fu ki\u015fisel verilerinizi i\u015fleyebilir;<\/p>\n<ul>\n<li>Kanunlarda a\u00e7\u0131k\u00e7a \u00f6ng\u00f6r\u00fcld\u00fc\u011f\u00fc hallerde,<\/li>\n<li>Fiili imk\u00e2ns\u0131zl\u0131k nedeniyle veri sahibi olarak r\u0131zan\u0131z\u0131 a\u00e7\u0131klayamayacak durumda olman\u0131z veya r\u0131zan\u0131za hukuki ge\u00e7erlilik tan\u0131nmayan hallerde kendinizin ya da bir ba\u015fkas\u0131n\u0131n hayat\u0131 veya beden b\u00fct\u00fcnl\u00fc\u011f\u00fcn\u00fcn korunmas\u0131 i\u00e7in ki\u015fisel verinizin i\u015flenmesinin zorunlu olmas\u0131,<\/li>\n<li>Bir s\u00f6zle\u015fmenin kurulmas\u0131 veya ifas\u0131yla do\u011frudan do\u011fruya ilgili olmas\u0131 kayd\u0131yla, s\u00f6zle\u015fmenin taraflar\u0131na ait ki\u015fisel verilerin i\u015flenmesinin gerekli olmas\u0131,<\/li>\n<li>T\u00dcV AUSTRIA SYBERCODE B\u0130L\u0130\u015e\u0130M TEKNOLOJ\u0130LER\u0130 ANON\u0130M \u015e\u0130RKET\u0130\u2019un bir hukuki y\u00fck\u00fcml\u00fcl\u00fc\u011f\u00fcn\u00fc yerine getirebilmesi i\u00e7in zorunlu olmas\u0131,<\/li>\n<li>Ki\u015fisel verinizin taraf\u0131n\u0131zca alenile\u015ftirilmi\u015f olmas\u0131,<\/li>\n<li>Bir hakk\u0131n tesisi, kullan\u0131lmas\u0131 veya korunmas\u0131 i\u00e7in veri i\u015flemenin zorunlu olmas\u0131,<\/li>\n<li>Sahip oldu\u011funuz temel hak ve \u00f6zg\u00fcrl\u00fcklerinize zarar vermemek kayd\u0131yla, T\u00dcV AUSTRIA SYBERCODE B\u0130L\u0130\u015e\u0130M TEKNOLOJ\u0130LER\u0130 ANON\u0130M \u015e\u0130RKET\u0130\u2019un me\u015fru menfaatleri i\u00e7in veri i\u015flenmesinin zorunlu olmas\u0131.<\/li>\n<\/ul>\n<p><strong>\u00a0<\/strong><\/p>\n<ol start=\"10\">\n<li>Y\u00fcr\u00fcrl\u00fckte bulunan mevzuat ve i\u015fbu Ayd\u0131nlatma Metni aras\u0131nda uyumsuzluk bulunmas\u0131 durumunda, Veri Sorumlusu y\u00fcr\u00fcrl\u00fckteki mevzuat\u0131n uygulama alan\u0131 bulaca\u011f\u0131n\u0131 kabul etmektedir.<\/li>\n<\/ol>\n<p>Ayd\u0131nlatma Metni, internet sitesinde <strong>\u201c<a href=\"https:\/\/www.sybercode.com\/en\/aydinlatma-metni\/\">https:\/\/www.sybercode.com\/aydinlatma-metni\/<\/a>\u201d<\/strong> yay\u0131mlanarak ki\u015fisel veri sahiplerinin eri\u015fimine sunulmaktad\u0131r. De\u011fi\u015fen \u015fartlara ve mevzuata uyum sa\u011flamak amac\u0131yla Ayd\u0131nlatma Metni\u2019nde de\u011fi\u015fiklik ve g\u00fcncellemeler yap\u0131labilecek olup ilgili internet sitesi \u00fczerinden ki\u015fisel veri sahiplerine sunulabilecektir.<\/p>\n<p>T\u00dcV AUSTRIA SYBERCODE B\u0130L\u0130\u015e\u0130M TEKNOLOJ\u0130LER\u0130 ANON\u0130M \u015e\u0130RKET\u0130<\/p>\n<p>&nbsp;<\/p>\n<p><strong>Telefon :<\/strong> \u00a0<a href=\"tel: 902164691078\">+90 (850) 532 66 38<\/a><\/p>\n<p><strong>E-posta: \u00a0\u00a0<\/strong><a href=\"mailto:contact@sybercode.com\">contact@sybercode.com<\/a><\/p>\n<p><strong>KEP :<\/strong> <a href=\"mailto:tuvaustriasybercode@bilisim.hs01.kep.tr\"><span style=\"color: #000000;\">tuvaustriasybercode@bilisim.hs01.kep.tr<\/span><\/a><\/p>\n<p><strong>\u00a0<\/strong><\/p>\n<p><strong>\u00a0<\/strong><\/p>","protected":false},"excerpt":{"rendered":"<p>T\u00dcV AUSTRIA SYBERCODE B\u0130L\u0130\u015e\u0130M TEKNOLOJ\u0130LER\u0130 ANON\u0130M \u015e\u0130RKET\u0130 ETK\u0130NL\u0130K KAPSAMINDA TOPLANAN K\u0130\u015e\u0130SEL VER\u0130LER\u0130N KORUNMASI AYDINLATMA METN\u0130 \u00a0 T\u00dcV AUSTRIA SYBERCODE B\u0130L\u0130\u015e\u0130M TEKNOLOJ\u0130LER\u0130 ANON\u0130M \u015e\u0130RKET\u0130 (T\u00dcV AUSTRIA SYBERCODE B\u0130L\u0130\u015e\u0130M TEKNOLOJ\u0130LER\u0130 ANON\u0130M \u015e\u0130RKET\u0130\u00a0veya \u015eirket) olarak, ki\u015fisel verilerinizin korunmas\u0131na yo\u011fun hassasiyet g\u00f6stermekte ve \u00f6nem [&hellip;]<\/p>","protected":false},"author":2,"featured_media":0,"parent":0,"menu_order":0,"comment_status":"closed","ping_status":"closed","template":"","meta":[],"_links":{"self":[{"href":"https:\/\/www.sybercode.com\/en\/wp-json\/wp\/v2\/pages\/15405"}],"collection":[{"href":"https:\/\/www.sybercode.com\/en\/wp-json\/wp\/v2\/pages"}],"about":[{"href":"https:\/\/www.sybercode.com\/en\/wp-json\/wp\/v2\/types\/page"}],"author":[{"embeddable":true,"href":"https:\/\/www.sybercode.com\/en\/wp-json\/wp\/v2\/users\/2"}],"replies":[{"embeddable":true,"href":"https:\/\/www.sybercode.com\/en\/wp-json\/wp\/v2\/comments?post=15405"}],"version-history":[{"count":14,"href":"https:\/\/www.sybercode.com\/en\/wp-json\/wp\/v2\/pages\/15405\/revisions"}],"predecessor-version":[{"id":15885,"href":"https:\/\/www.sybercode.com\/en\/wp-json\/wp\/v2\/pages\/15405\/revisions\/15885"}],"wp:attachment":[{"href":"https:\/\/www.sybercode.com\/en\/wp-json\/wp\/v2\/media?parent=15405"}],"curies":[{"name":"wp","href":"https:\/\/api.w.org\/{rel}","templated":true}]}}