{"id":14503,"date":"2021-09-24T06:38:09","date_gmt":"2021-09-24T06:38:09","guid":{"rendered":"https:\/\/www.sybercode.com\/?page_id=14503"},"modified":"2021-09-24T06:38:09","modified_gmt":"2021-09-24T06:38:09","slug":"servis-disi-birakma-testi-ddos","status":"publish","type":"page","link":"https:\/\/www.sybercode.com\/en\/servis-disi-birakma-testi-ddos\/","title":{"rendered":"Denial of Service Test (DDoS)"},"content":{"rendered":"<p>It is a work to control the readiness of the corporation against attacks aimed at stopping the corporation's services by brute force. With our Distributed Denial of Service test service, we aim to determine the robustness levels of corporations against possible DDoS attacks. We conduct our testing in a secure and controlled manner to evaluate specific scenarios or network infrastructure.<\/p>","protected":false},"excerpt":{"rendered":"<p>Kaba kuvvet g\u00fcc\u00fc ile kurum hizmetlerini durdurmaya y\u00f6nelik sald\u0131r\u0131lara kar\u015f\u0131 kurumun haz\u0131rl\u0131\u011f\u0131n\u0131 kontrol etmek i\u00e7in yap\u0131lan bir \u00e7al\u0131\u015fmad\u0131r. Servis d\u0131\u015f\u0131 b\u0131rakma testi hizmetimiz ile kurumlar\u0131n olas\u0131 DDoS sald\u0131r\u0131lar\u0131na kar\u015f\u0131 diren\u00e7 d\u00fczeylerini belirlemeyi ama\u00e7l\u0131yoruz. Belirli senaryolar\u0131 veya a\u011f altyap\u0131s\u0131n\u0131 de\u011ferlendirmek i\u00e7in [&hellip;]<\/p>","protected":false},"author":2,"featured_media":0,"parent":0,"menu_order":0,"comment_status":"closed","ping_status":"closed","template":"","meta":[],"_links":{"self":[{"href":"https:\/\/www.sybercode.com\/en\/wp-json\/wp\/v2\/pages\/14503"}],"collection":[{"href":"https:\/\/www.sybercode.com\/en\/wp-json\/wp\/v2\/pages"}],"about":[{"href":"https:\/\/www.sybercode.com\/en\/wp-json\/wp\/v2\/types\/page"}],"author":[{"embeddable":true,"href":"https:\/\/www.sybercode.com\/en\/wp-json\/wp\/v2\/users\/2"}],"replies":[{"embeddable":true,"href":"https:\/\/www.sybercode.com\/en\/wp-json\/wp\/v2\/comments?post=14503"}],"version-history":[{"count":1,"href":"https:\/\/www.sybercode.com\/en\/wp-json\/wp\/v2\/pages\/14503\/revisions"}],"predecessor-version":[{"id":14504,"href":"https:\/\/www.sybercode.com\/en\/wp-json\/wp\/v2\/pages\/14503\/revisions\/14504"}],"wp:attachment":[{"href":"https:\/\/www.sybercode.com\/en\/wp-json\/wp\/v2\/media?parent=14503"}],"curies":[{"name":"wp","href":"https:\/\/api.w.org\/{rel}","templated":true}]}}