{"id":14484,"date":"2021-09-24T06:28:55","date_gmt":"2021-09-24T06:28:55","guid":{"rendered":"https:\/\/www.sybercode.com\/?page_id=14484"},"modified":"2021-09-24T06:32:25","modified_gmt":"2021-09-24T06:32:25","slug":"web-uygulama-sizma-testi","status":"publish","type":"page","link":"https:\/\/www.sybercode.com\/en\/web-uygulama-sizma-testi\/","title":{"rendered":"Web Application"},"content":{"rendered":"<p>Web applications are becoming widespread in many corporations, replacing almost all classical applications. These applications may contain vulnerabilities at different levels, depending on the maturity of the application development lifecycle. Especially in applications that are open to the internet, the risk reaches serious levels. The attack area is very wide due to the threats against both the application users and the application itself. There are many automated tools that test web applications. These tools are successful in detecting some general vulnerabilities, but they are not successful enough in terms of evaluating the findings correctly, detecting business logic errors, and detecting complex vulnerabilities. Security tests are carried out through certain methodologies with the methods used by attackers to exploit web applications vulnerabilities.<\/p>","protected":false},"excerpt":{"rendered":"<p>Web uygulamalar\u0131 pek \u00e7ok kurumda neredeyse her t\u00fcrl\u00fc klasik uygulamalar\u0131n yerini alarak yayg\u0131nla\u015fmaktad\u0131r. Bu uygulamalar, geli\u015ftirme hayat d\u00f6ng\u00fcs\u00fcn\u00fcn olgunlu\u011funa g\u00f6re, farkl\u0131 seviyelerde zafiyetler bar\u0131nd\u0131rabilmektedir. \u00d6zellikle internete a\u00e7\u0131k uygulamalarda risk ciddi seviyelerde olmaktad\u0131r. Gerek uygulama kullan\u0131c\u0131lar\u0131na, gerek uygulaman\u0131n kendisine y\u00f6nelik tehditler [&hellip;]<\/p>","protected":false},"author":2,"featured_media":0,"parent":0,"menu_order":0,"comment_status":"closed","ping_status":"closed","template":"","meta":[],"_links":{"self":[{"href":"https:\/\/www.sybercode.com\/en\/wp-json\/wp\/v2\/pages\/14484"}],"collection":[{"href":"https:\/\/www.sybercode.com\/en\/wp-json\/wp\/v2\/pages"}],"about":[{"href":"https:\/\/www.sybercode.com\/en\/wp-json\/wp\/v2\/types\/page"}],"author":[{"embeddable":true,"href":"https:\/\/www.sybercode.com\/en\/wp-json\/wp\/v2\/users\/2"}],"replies":[{"embeddable":true,"href":"https:\/\/www.sybercode.com\/en\/wp-json\/wp\/v2\/comments?post=14484"}],"version-history":[{"count":1,"href":"https:\/\/www.sybercode.com\/en\/wp-json\/wp\/v2\/pages\/14484\/revisions"}],"predecessor-version":[{"id":14485,"href":"https:\/\/www.sybercode.com\/en\/wp-json\/wp\/v2\/pages\/14484\/revisions\/14485"}],"wp:attachment":[{"href":"https:\/\/www.sybercode.com\/en\/wp-json\/wp\/v2\/media?parent=14484"}],"curies":[{"name":"wp","href":"https:\/\/api.w.org\/{rel}","templated":true}]}}