{"id":14057,"date":"2021-03-01T15:02:55","date_gmt":"2021-03-01T15:02:55","guid":{"rendered":"https:\/\/www.sybercode.com\/?page_id=14057"},"modified":"2024-11-06T10:05:22","modified_gmt":"2024-11-06T10:05:22","slug":"belge-ve-politikalar","status":"publish","type":"page","link":"https:\/\/www.sybercode.com\/en\/belge-ve-politikalar\/","title":{"rendered":"Documents and Policies"},"content":{"rendered":"<div data-elementor-type=\"wp-page\" data-elementor-id=\"14057\" class=\"elementor elementor-14057\" data-elementor-post-type=\"page\">\n\t\t\t\t\t\t\t\t\t<section class=\"elementor-section elementor-top-section elementor-element elementor-element-6b73ddc elementor-section-boxed elementor-section-height-default elementor-section-height-default mkdf-parallax-row-no mkdf-row-grid-no mkdf-disabled-bg-image-bellow-no\" data-id=\"6b73ddc\" data-element_type=\"section\">\n\t\t\t\t\t\t<div class=\"elementor-container elementor-column-gap-default\">\n\t\t\t\t\t<div class=\"elementor-column elementor-col-100 elementor-top-column elementor-element elementor-element-b3b2523\" data-id=\"b3b2523\" data-element_type=\"column\">\n\t\t\t<div class=\"elementor-widget-wrap elementor-element-populated\">\n\t\t\t\t\t\t\t\t<div class=\"elementor-element elementor-element-355f58a elementor-widget elementor-widget-text-editor\" data-id=\"355f58a\" data-element_type=\"widget\" data-widget_type=\"text-editor.default\">\n\t\t\t\t<div class=\"elementor-widget-container\">\n\t\t\t\t\t\t\t<p><strong>T\u00dcV AUSTRIA SyberCode B\u0130L\u0130\u015e\u0130M TEKNOLOJ\u0130LER\u0130 A.\u015e<\/strong> has ISO certificates that certify that it provides its services at international standards.<\/p>\t\t\t\t\t\t<\/div>\n\t\t\t\t<\/div>\n\t\t\t\t\t<\/div>\n\t\t<\/div>\n\t\t\t\t\t\t\t<\/div>\n\t\t<\/section>\n\t\t\t\t<section class=\"elementor-section elementor-top-section elementor-element elementor-element-014928a elementor-section-boxed elementor-section-height-default elementor-section-height-default mkdf-parallax-row-no mkdf-row-grid-no mkdf-disabled-bg-image-bellow-no\" data-id=\"014928a\" data-element_type=\"section\">\n\t\t\t\t\t\t<div class=\"elementor-container elementor-column-gap-default\">\n\t\t\t\t\t\t\t\t<\/div>\n\t\t<\/section>\n\t\t\t\t<section class=\"elementor-section elementor-top-section elementor-element elementor-element-24c7d2a elementor-section-full_width elementor-section-height-default elementor-section-height-default mkdf-parallax-row-no mkdf-row-grid-no mkdf-disabled-bg-image-bellow-no\" data-id=\"24c7d2a\" data-element_type=\"section\">\n\t\t\t\t\t\t<div class=\"elementor-container elementor-column-gap-default\">\n\t\t\t\t\t<div class=\"elementor-column elementor-col-25 elementor-top-column elementor-element elementor-element-cd88562\" data-id=\"cd88562\" data-element_type=\"column\">\n\t\t\t<div class=\"elementor-widget-wrap elementor-element-populated\">\n\t\t\t\t\t\t\t\t<div class=\"elementor-element elementor-element-93f7880 elementor-widget elementor-widget-mkdf_elementor_clients_grid\" data-id=\"93f7880\" data-element_type=\"widget\" data-widget_type=\"mkdf_elementor_clients_grid.default\">\n\t\t\t\t<div class=\"elementor-widget-container\">\n\t\t\t\t\t\n\t\t<div class=\"mkdf-clients-grid-holder mkdf-grid-list mkdf-disable-bottom-space mkdf-one-columns mkdf-normal-space  mkdf-cc-hover-roll-over\">\n\t\t\t<div class=\"mkdf-cg-inner mkdf-outer-space\">\n\t\t\t\t<div class=\"mkdf-cc-item mkdf-item-space mkdf-cci-has-link\">\n\t\t<a itemprop=\"url\" class=\"mkdf-cc-link mkdf-block-drag-link\" href=\"https:\/\/www.sybercode.com\/wp-content\/uploads\/2024\/11\/2024-tuvaustriasybercode-9001.pdf\" target=\"_blank\">\n\t\t\t\t<div class=\"mkdf-cc-image-wrapper\">\n\t\t\t\t\t\t\t<img decoding=\"async\" itemprop=\"image\" class=\"mkdf-cc-image\" src=\"https:\/\/www.sybercode.com\/wp-content\/uploads\/2021\/03\/iso9001__.png\" alt=\"\" \/>\n\t\t\t\t\t\t\t\t\t\t<img decoding=\"async\" itemprop=\"image\" class=\"mkdf-cc-hover-image\" src=\"https:\/\/www.sybercode.com\/wp-content\/uploads\/2021\/03\/iso9001__.png\" alt=\"\" \/>\n\t\t\t\t\t<\/div>\n\t\t\t<\/a>\n<\/div>\t\t\t<\/div>\n\t\t<\/div>\n\t\t\n\t\t\t\t<\/div>\n\t\t\t\t<\/div>\n\t\t\t\t<div class=\"elementor-element elementor-element-d86f315 elementor-widget elementor-widget-heading\" data-id=\"d86f315\" data-element_type=\"widget\" data-widget_type=\"heading.default\">\n\t\t\t\t<div class=\"elementor-widget-container\">\n\t\t\t<p class=\"elementor-heading-title elementor-size-small\"><a href=\"https:\/\/www.sybercode.com\/wp-content\/uploads\/2024\/11\/2024-tuvaustriasybercode-9001.pdf\" target=\"_blank\">Click to view the document.<\/a><\/p>\t\t<\/div>\n\t\t\t\t<\/div>\n\t\t\t\t\t<\/div>\n\t\t<\/div>\n\t\t\t\t<div class=\"elementor-column elementor-col-25 elementor-top-column elementor-element elementor-element-d13b341\" data-id=\"d13b341\" data-element_type=\"column\">\n\t\t\t<div class=\"elementor-widget-wrap elementor-element-populated\">\n\t\t\t\t\t\t\t\t<div class=\"elementor-element elementor-element-5f01857 elementor-widget elementor-widget-mkdf_elementor_clients_grid\" data-id=\"5f01857\" data-element_type=\"widget\" data-widget_type=\"mkdf_elementor_clients_grid.default\">\n\t\t\t\t<div class=\"elementor-widget-container\">\n\t\t\t\t\t\n\t\t<div class=\"mkdf-clients-grid-holder mkdf-grid-list mkdf-disable-bottom-space mkdf-one-columns mkdf-normal-space  mkdf-cc-hover-roll-over\">\n\t\t\t<div class=\"mkdf-cg-inner mkdf-outer-space\">\n\t\t\t\t<div class=\"mkdf-cc-item mkdf-item-space mkdf-cci-has-link\">\n\t\t<a itemprop=\"url\" class=\"mkdf-cc-link mkdf-block-drag-link\" href=\"https:\/\/www.sybercode.com\/wp-content\/uploads\/2024\/11\/2024-tuvaustriasybercode-27001.pdf\" target=\"_blank\">\n\t\t\t\t<div class=\"mkdf-cc-image-wrapper\">\n\t\t\t\t\t\t\t<img decoding=\"async\" itemprop=\"image\" class=\"mkdf-cc-image\" src=\"https:\/\/www.sybercode.com\/wp-content\/uploads\/2021\/03\/iso27001.png\" alt=\"\" \/>\n\t\t\t\t\t\t\t\t\t\t<img decoding=\"async\" itemprop=\"image\" class=\"mkdf-cc-hover-image\" src=\"https:\/\/www.sybercode.com\/wp-content\/uploads\/2021\/03\/iso27001.png\" alt=\"\" \/>\n\t\t\t\t\t<\/div>\n\t\t\t<\/a>\n<\/div>\t\t\t<\/div>\n\t\t<\/div>\n\t\t\n\t\t\t\t<\/div>\n\t\t\t\t<\/div>\n\t\t\t\t<div class=\"elementor-element elementor-element-5037170 elementor-widget elementor-widget-heading\" data-id=\"5037170\" data-element_type=\"widget\" data-widget_type=\"heading.default\">\n\t\t\t\t<div class=\"elementor-widget-container\">\n\t\t\t<p class=\"elementor-heading-title elementor-size-small\"><a href=\"https:\/\/www.sybercode.com\/wp-content\/uploads\/2024\/11\/2024-tuvaustriasybercode-27001.pdf\" target=\"_blank\">Click to view the document.<\/a><\/p>\t\t<\/div>\n\t\t\t\t<\/div>\n\t\t\t\t\t<\/div>\n\t\t<\/div>\n\t\t\t\t<div class=\"elementor-column elementor-col-25 elementor-top-column elementor-element elementor-element-2f215e5\" data-id=\"2f215e5\" data-element_type=\"column\">\n\t\t\t<div class=\"elementor-widget-wrap elementor-element-populated\">\n\t\t\t\t\t\t\t\t<div class=\"elementor-element elementor-element-b4dd238 elementor-widget elementor-widget-mkdf_elementor_clients_grid\" data-id=\"b4dd238\" data-element_type=\"widget\" data-widget_type=\"mkdf_elementor_clients_grid.default\">\n\t\t\t\t<div class=\"elementor-widget-container\">\n\t\t\t\t\t\n\t\t<div class=\"mkdf-clients-grid-holder mkdf-grid-list mkdf-disable-bottom-space mkdf-one-columns mkdf-normal-space  mkdf-cc-hover-roll-over\">\n\t\t\t<div class=\"mkdf-cg-inner mkdf-outer-space\">\n\t\t\t\t<div class=\"mkdf-cc-item mkdf-item-space mkdf-cci-has-link\">\n\t\t<a itemprop=\"url\" class=\"mkdf-cc-link mkdf-block-drag-link\" href=\"https:\/\/www.sybercode.com\/wp-content\/uploads\/2024\/11\/2024-tuvaustriasybercode-20001.pdf\" target=\"_blank\">\n\t\t\t\t<div class=\"mkdf-cc-image-wrapper\">\n\t\t\t\t\t\t\t<img decoding=\"async\" itemprop=\"image\" class=\"mkdf-cc-image\" src=\"https:\/\/www.sybercode.com\/wp-content\/uploads\/2022\/10\/iso-20000-1-2018-e1666091206839.png\" alt=\"\" \/>\n\t\t\t\t\t\t\t\t<\/div>\n\t\t\t<\/a>\n<\/div>\t\t\t<\/div>\n\t\t<\/div>\n\t\t\n\t\t\t\t<\/div>\n\t\t\t\t<\/div>\n\t\t\t\t<div class=\"elementor-element elementor-element-c66de2b elementor-widget elementor-widget-heading\" data-id=\"c66de2b\" data-element_type=\"widget\" data-widget_type=\"heading.default\">\n\t\t\t\t<div class=\"elementor-widget-container\">\n\t\t\t<p class=\"elementor-heading-title elementor-size-small\"><a href=\"https:\/\/www.sybercode.com\/wp-content\/uploads\/2024\/11\/2024-tuvaustriasybercode-20001.pdf\" target=\"_blank\">Click to view the document.<\/a><\/p>\t\t<\/div>\n\t\t\t\t<\/div>\n\t\t\t\t\t<\/div>\n\t\t<\/div>\n\t\t\t\t<div class=\"elementor-column elementor-col-25 elementor-top-column elementor-element elementor-element-0b44dd5\" data-id=\"0b44dd5\" data-element_type=\"column\">\n\t\t\t<div class=\"elementor-widget-wrap elementor-element-populated\">\n\t\t\t\t\t\t\t\t<div class=\"elementor-element elementor-element-0ee757f elementor-widget elementor-widget-mkdf_elementor_clients_grid\" data-id=\"0ee757f\" data-element_type=\"widget\" data-widget_type=\"mkdf_elementor_clients_grid.default\">\n\t\t\t\t<div class=\"elementor-widget-container\">\n\t\t\t\t\t\n\t\t<div class=\"mkdf-clients-grid-holder mkdf-grid-list mkdf-disable-bottom-space mkdf-one-columns mkdf-normal-space  mkdf-cc-hover-roll-over\">\n\t\t\t<div class=\"mkdf-cg-inner mkdf-outer-space\">\n\t\t\t\t<div class=\"mkdf-cc-item mkdf-item-space mkdf-cci-has-link\">\n\t\t<a itemprop=\"url\" class=\"mkdf-cc-link mkdf-block-drag-link\" href=\"https:\/\/www.sybercode.com\/wp-content\/uploads\/2024\/11\/2024-tuvaustriasybercode-22301.pdf\" target=\"_blank\">\n\t\t\t\t<div class=\"mkdf-cc-image-wrapper\">\n\t\t\t\t\t\t\t<img decoding=\"async\" itemprop=\"image\" class=\"mkdf-cc-image\" src=\"https:\/\/www.sybercode.com\/wp-content\/uploads\/2022\/10\/iso-2230-2019.png\" alt=\"\" \/>\n\t\t\t\t\t\t\t\t<\/div>\n\t\t\t<\/a>\n<\/div>\t\t\t<\/div>\n\t\t<\/div>\n\t\t\n\t\t\t\t<\/div>\n\t\t\t\t<\/div>\n\t\t\t\t<div class=\"elementor-element elementor-element-ab34115 elementor-widget elementor-widget-heading\" data-id=\"ab34115\" data-element_type=\"widget\" data-widget_type=\"heading.default\">\n\t\t\t\t<div class=\"elementor-widget-container\">\n\t\t\t<p class=\"elementor-heading-title elementor-size-small\"><a href=\"https:\/\/www.sybercode.com\/wp-content\/uploads\/2024\/11\/2024-tuvaustriasybercode-22301.pdf\" target=\"_blank\">Click to view the document.<\/a><\/p>\t\t<\/div>\n\t\t\t\t<\/div>\n\t\t\t\t\t<\/div>\n\t\t<\/div>\n\t\t\t\t\t\t\t<\/div>\n\t\t<\/section>\n\t\t\t\t\t\t\t<\/div>","protected":false},"excerpt":{"rendered":"<p>T\u00dcV AUSTRIA SyberCode B\u0130L\u0130\u015e\u0130M TEKNOLOJ\u0130LER\u0130 A.\u015e hizmetlerini uluslararas\u0131 standartlarda verdi\u011fini belgeleyen ISO sertifikalar\u0131na sahiptir. Belgeyi g\u00f6r\u00fcnt\u00fclemek i\u00e7in t\u0131klay\u0131n\u0131z. Belgeyi g\u00f6r\u00fcnt\u00fclemek i\u00e7in t\u0131klay\u0131n\u0131z. Belgeyi g\u00f6r\u00fcnt\u00fclemek i\u00e7in t\u0131klay\u0131n\u0131z. Belgeyi g\u00f6r\u00fcnt\u00fclemek i\u00e7in t\u0131klay\u0131n\u0131z.<\/p>","protected":false},"author":1,"featured_media":0,"parent":0,"menu_order":0,"comment_status":"closed","ping_status":"closed","template":"","meta":[],"_links":{"self":[{"href":"https:\/\/www.sybercode.com\/en\/wp-json\/wp\/v2\/pages\/14057"}],"collection":[{"href":"https:\/\/www.sybercode.com\/en\/wp-json\/wp\/v2\/pages"}],"about":[{"href":"https:\/\/www.sybercode.com\/en\/wp-json\/wp\/v2\/types\/page"}],"author":[{"embeddable":true,"href":"https:\/\/www.sybercode.com\/en\/wp-json\/wp\/v2\/users\/1"}],"replies":[{"embeddable":true,"href":"https:\/\/www.sybercode.com\/en\/wp-json\/wp\/v2\/comments?post=14057"}],"version-history":[{"count":121,"href":"https:\/\/www.sybercode.com\/en\/wp-json\/wp\/v2\/pages\/14057\/revisions"}],"predecessor-version":[{"id":16349,"href":"https:\/\/www.sybercode.com\/en\/wp-json\/wp\/v2\/pages\/14057\/revisions\/16349"}],"wp:attachment":[{"href":"https:\/\/www.sybercode.com\/en\/wp-json\/wp\/v2\/media?parent=14057"}],"curies":[{"name":"wp","href":"https:\/\/api.w.org\/{rel}","templated":true}]}}