{"id":14035,"date":"2021-02-03T11:38:25","date_gmt":"2021-02-03T11:38:25","guid":{"rendered":"https:\/\/www.sybercode.com\/?page_id=14035"},"modified":"2024-03-25T10:01:14","modified_gmt":"2024-03-25T10:01:14","slug":"yasal-kvkk","status":"publish","type":"page","link":"https:\/\/www.sybercode.com\/en\/yasal-kvkk\/","title":{"rendered":"Yasal &#038; KVKK"},"content":{"rendered":"<div data-elementor-type=\"wp-page\" data-elementor-id=\"14035\" class=\"elementor elementor-14035\" data-elementor-post-type=\"page\">\n\t\t\t\t\t\t\t\t\t<section class=\"elementor-section elementor-top-section elementor-element elementor-element-5b60f67f elementor-section-boxed elementor-section-height-default elementor-section-height-default mkdf-parallax-row-no mkdf-row-grid-no mkdf-disabled-bg-image-bellow-no\" data-id=\"5b60f67f\" data-element_type=\"section\">\n\t\t\t\t\t\t<div class=\"elementor-container elementor-column-gap-default\">\n\t\t\t\t\t<div class=\"elementor-column elementor-col-100 elementor-top-column elementor-element elementor-element-741eb90a\" data-id=\"741eb90a\" data-element_type=\"column\">\n\t\t\t<div class=\"elementor-widget-wrap elementor-element-populated\">\n\t\t\t\t\t\t\t\t<div class=\"elementor-element elementor-element-551e4959 elementor-widget elementor-widget-text-editor\" data-id=\"551e4959\" data-element_type=\"widget\" data-widget_type=\"text-editor.default\">\n\t\t\t\t<div class=\"elementor-widget-container\">\n\t\t\t\t\t\t\t<h4 style=\"text-align: center;\"><a href=\"https:\/\/www.sybercode.com\/en\/cerez-politikasi\/\">Cookie Policy<\/a><\/h4>\n<h4 style=\"text-align: center;\"><a href=\"https:\/\/www.sybercode.com\/en\/gizlilik-politikasi\/\">Privacy Policy<\/a><\/h4>\n<h4 style=\"text-align: center;\"><a href=\"https:\/\/www.sybercode.com\/en\/aydinlatma-metni\/\">Clarification Text<\/a><\/h4>\n<h4 style=\"text-align: center;\"><a href=\"https:\/\/www.sybercode.com\/wp-content\/uploads\/2024\/03\/Veri_Sahibi_Basvuru_Formu.pdf\" target=\"_blank\" style=\"font-family: var( --e-global-typography-text-font-family ), Sans-serif; font-weight: var( --e-global-typography-text-font-weight ); font-size: 16px;\">KVKK Veri Sahibi Ba\u015fvuru Formu<\/a><span style=\"color: var( --e-global-color-text ); font-family: var( --e-global-typography-text-font-family ), Sans-serif; font-weight: var( --e-global-typography-text-font-weight ); font-size: 16px;\">&nbsp;<\/span><br><\/h4>\n<p>&nbsp;<\/p>\t\t\t\t\t\t<\/div>\n\t\t\t\t<\/div>\n\t\t\t\t\t<\/div>\n\t\t<\/div>\n\t\t\t\t\t\t\t<\/div>\n\t\t<\/section>\n\t\t\t\t\t\t\t<\/div>","protected":false},"excerpt":{"rendered":"<p>\u00c7erez Politikas\u0131 Gizlilik Politikas\u0131 Ayd\u0131nlatma Metni KVKK Veri Sahibi Ba\u015fvuru Formu&nbsp; &nbsp;<\/p>","protected":false},"author":1,"featured_media":0,"parent":0,"menu_order":0,"comment_status":"closed","ping_status":"closed","template":"","meta":[],"_links":{"self":[{"href":"https:\/\/www.sybercode.com\/en\/wp-json\/wp\/v2\/pages\/14035"}],"collection":[{"href":"https:\/\/www.sybercode.com\/en\/wp-json\/wp\/v2\/pages"}],"about":[{"href":"https:\/\/www.sybercode.com\/en\/wp-json\/wp\/v2\/types\/page"}],"author":[{"embeddable":true,"href":"https:\/\/www.sybercode.com\/en\/wp-json\/wp\/v2\/users\/1"}],"replies":[{"embeddable":true,"href":"https:\/\/www.sybercode.com\/en\/wp-json\/wp\/v2\/comments?post=14035"}],"version-history":[{"count":11,"href":"https:\/\/www.sybercode.com\/en\/wp-json\/wp\/v2\/pages\/14035\/revisions"}],"predecessor-version":[{"id":16291,"href":"https:\/\/www.sybercode.com\/en\/wp-json\/wp\/v2\/pages\/14035\/revisions\/16291"}],"wp:attachment":[{"href":"https:\/\/www.sybercode.com\/en\/wp-json\/wp\/v2\/media?parent=14035"}],"curies":[{"name":"wp","href":"https:\/\/api.w.org\/{rel}","templated":true}]}}