{"id":14029,"date":"2021-02-03T10:42:14","date_gmt":"2021-02-03T10:42:14","guid":{"rendered":"https:\/\/www.sybercode.com\/?page_id=14029"},"modified":"2023-02-27T11:58:05","modified_gmt":"2023-02-27T11:58:05","slug":"aydinlatma-metni","status":"publish","type":"page","link":"https:\/\/www.sybercode.com\/en\/aydinlatma-metni\/","title":{"rendered":"Clarification Text"},"content":{"rendered":"<p><strong><u>\u0130NTERNET S\u0130TES\u0130 AYDINLATMA METN\u0130<\/u><\/strong><\/p>\n<p><strong>T\u00dcV AUSTRIA SYBERCODE B\u0130L\u0130\u015e\u0130M TEKNOLOJ\u0130LER\u0130 A.\u015e<\/strong><\/p>\n<p><strong>6698 SAYILI K\u0130\u015e\u0130SEL VER\u0130LER\u0130N KORUNMASI KANUNU KAPSAMINDA AYDINLATMA METN\u0130<\/strong><\/p>\n<p><strong>\u00a0a)\u00a0<\/strong><strong>Veri Sorumlusu<\/strong><strong>\u00a0<\/strong><\/p>\n<p><strong>T\u00dcV AUSTRIA SYBERCODE B\u0130L\u0130\u015e\u0130M TEKNOLOJ\u0130LERi ANON\u0130M \u015e\u0130RKET\u0130 <\/strong>olarak (Bundan sonra \u201c<strong>\u015eirket<\/strong>\u201d olarak an\u0131lacakt\u0131r.) ki\u015fisel verilerinizi, 6698 say\u0131l\u0131 Ki\u015fisel Verilerin Korunmas\u0131 Kanunu (Bundan sonra\u00a0<strong>\u201cKVKK\u201d<\/strong>\u00a0olarak an\u0131lacakt\u0131r.) ve ilgili sair mevzuat kapsam\u0131nda, veri sorumlusu s\u0131fat\u0131 ile i\u015fledi\u011fimizi taraf\u0131n\u0131za bildiriyoruz.<\/p>\n<p><strong>b) \u0130\u015flenen Ki\u015fisel Veriler<\/strong><\/p>\n<p>KVKK ve ilgili sair mevzuata uygun olarak i\u015fbu Ayd\u0131nlatma Metni\u2019nde belirtilen ama\u00e7lar ve hukuki sebepler kapsam\u0131nda, kimlik ve ileti\u015fim bilgilerinizden olu\u015fan ki\u015fisel verileriniz<em>\u00a0(Ad\u0131-Soyad\u0131, Telefon numaras\u0131 ve e-posta adresi)<\/em>\u00a0i\u015flenecektir.<\/p>\n<p><strong>c)\u00a0<\/strong><strong>Ki\u015fisel Verilerin Hangi Ama\u00e7la \u0130\u015flenece\u011fi<\/strong><\/p>\n<p>Ki\u015fisel verileriniz,<\/p>\n<ul>\n<li>\u015eirketimiz taraf\u0131ndan sunulan \u00fcr\u00fcn ve hizmetlerden sizleri faydaland\u0131rmak i\u00e7in gerekli \u00e7al\u0131\u015fmalar\u0131n i\u015f birimlerimiz taraf\u0131ndan yap\u0131lmas\u0131,<\/li>\n<li>\u015eirketimiz taraf\u0131ndan sunulan \u00fcr\u00fcn ve hizmetlerin sizlere \u00f6nerilmesi; \u00fcr\u00fcn ve hizmetlerin sat\u0131\u015f ve pazarlamas\u0131 i\u00e7in pazar ara\u015ft\u0131rmas\u0131 faaliyetlerinin planlanmas\u0131 ve\/veya icras\u0131,<\/li>\n<li>Sekt\u00f6r geli\u015fmeleri hakk\u0131nda \u00fcr\u00fcn ve hizmetlerimizden faydalanan m\u00fc\u015fterilerimizin bilgilendirilmesi ve bu s\u00fcre\u00e7lerin y\u00f6netimi<\/li>\n<\/ul>\n<p>ama\u00e7lar\u0131yla KVKK\u2019n\u0131n 5 (2) maddesinde belirtilen\u00a0<em>\u201ca) Kanunlarda a\u00e7\u0131k\u00e7a \u00f6ng\u00f6r\u00fclmesi\u201d, \u201cc) Bir s\u00f6zle\u015fmenin kurulmas\u0131 veya ifas\u0131yla do\u011frudan do\u011fruya ilgili olmas\u0131 kayd\u0131yla, s\u00f6zle\u015fmenin taraflar\u0131na ait ki\u015fisel verilerin i\u015flenmesinin gerekli olmas\u0131\u201d, \u201c\u00e7) Veri sorumlusunun hukuki y\u00fck\u00fcml\u00fcl\u00fc\u011f\u00fcn\u00fc yerine getirebilmesi i\u00e7in zorunlu olmas\u0131\u201d, \u201ce) Bir hakk\u0131n tesisi, kullan\u0131lmas\u0131 veya korunmas\u0131 i\u00e7in veri i\u015flemenin zorunlu olmas\u0131\u201d<\/em>\u00a0hukuki sebepleri dahilinde i\u015flenecektir.<\/p>\n<p><strong>d) \u0130\u015flenen Ki\u015fisel Verilerin Kimlere ve Hangi Ama\u00e7la Aktar\u0131labilece\u011fi<\/strong><\/p>\n<p>\u015eirketimiz taraf\u0131ndan i\u015flenen ki\u015fisel verileriniz herhangi bir kuruma, ger\u00e7ek ki\u015filere veya \u00f6zel hukuk t\u00fczel ki\u015filerine aktar\u0131lmamaktad\u0131r. Ki\u015fisel verileriniz, KVKK\u2019n\u0131n 8 (2) (a) maddesi uyar\u0131nca ilgili ki\u015finin a\u00e7\u0131k r\u0131zas\u0131 aranmaks\u0131z\u0131n, ilgili mevzuat uyar\u0131nca yasal y\u00fck\u00fcml\u00fcl\u00fcklerin yerine getirebilmesi amac\u0131yla, gerekmesi veya talep gelmesi halinde, ilgili kamu kurum ve kurulu\u015flar\u0131 ile payla\u015f\u0131labilecektir.<\/p>\n<p><strong>e) Yurtd\u0131\u015f\u0131na Aktar\u0131m<\/strong><\/p>\n<p>KVKK\u2019n\u0131n 5 (2) maddesinde belirtilen hukuki sebeplere dayanarak i\u015flenen ki\u015fisel verileriniz, \u015eirket\u2019in \u00fcr\u00fcn ve hizmetlerine dair sat\u0131\u015f, pazarlama faaliyetlerinin veri tabanlar\u0131 yurt d\u0131\u015f\u0131nda olan \u00e7evrimi\u00e7i yaz\u0131l\u0131m sistemleri arac\u0131l\u0131\u011f\u0131yla ger\u00e7ekle\u015ftirilmesi nedeniyle, KVKK\u2019n\u0131n 9 (2) maddesindeki yurt d\u0131\u015f\u0131na aktar\u0131m \u015fartlar\u0131 do\u011frultusunda, ilgili ki\u015finin a\u00e7\u0131k r\u0131zas\u0131 temin edilmeksizin,<\/p>\n<ul>\n<li>Ki\u015fisel Verileri Koruma Kurulu (Bundan sonra\u00a0<strong>\u201cKurul\u201d<\/strong>\u00a0olarak an\u0131lacakt\u0131r.) taraf\u0131ndan yeterli korumaya sahip oldu\u011fu ilan edilen yabanc\u0131 \u00fclkelere\u00a0<strong>(\u201cYeterli Korumaya Sahip Yabanc\u0131 \u00dclke\u201d)<\/strong><\/li>\n<li>T\u00fcrkiye\u2019deki ve ilgili yabanc\u0131 \u00fclkedeki veri sorumlular\u0131n\u0131n yeterli bir korumay\u0131 yaz\u0131l\u0131 olarak taahh\u00fct etti\u011fi ve ilgili aktar\u0131m a\u00e7\u0131s\u0131ndan Kurul\u2019un izninin bulundu\u011fu yabanc\u0131 \u00fclke ve\/veya \u00fclkeler\u00a0<strong>(\u201cYeterli Korumay\u0131 Taahh\u00fct Eden Veri Sorumlusunun Bulundu\u011fu Yabanc\u0131 \u00dclke\u201d)\u00a0<\/strong>ile s\u0131n\u0131rl\u0131 olmak kayd\u0131yla aktar\u0131labilecektir.<\/li>\n<\/ul>\n<p>Yukar\u0131da a\u00e7\u0131klanan ama\u00e7lar kapsam\u0131nda i\u015flenen ki\u015fisel verilerinizin yurt d\u0131\u015f\u0131na aktar\u0131m\u0131, KVKK ve ilgili sair mevzuat ba\u015fta olmak \u00fczere, Kurul taraf\u0131ndan al\u0131nan kararlar ve ilgili d\u00fczenlemelere uygun olarak, \u015eirketimiz taraf\u0131ndan gerekli \u00f6zen g\u00f6sterilerek ve gerekli t\u00fcm g\u00fcvenlik \u00f6nlemler al\u0131narak ger\u00e7ekle\u015ftirilecektir.<\/p>\n<p><strong>f) Ki\u015fisel Veri Toplaman\u0131n Y\u00f6netimi ve Hukuki Sebebi<\/strong><\/p>\n<p>Ki\u015fisel verileriniz, bu metnin (c) f\u0131kras\u0131nda belirtilen ama\u00e7lar\u0131n yerine getirilebilmesi i\u00e7in KVKK\u2019n\u0131n 5 (2) maddesinde belirtilen hukuki sebeplere dayanarak, otomatik veya otomatik olmayan y\u00f6ntemlerle elektronik ortamda \u0130nternet sitesi \u00fczerinden ileti\u015fim formu doldurulmas\u0131, e-posta iletisi g\u00f6nderilmesi ve internet sitesinin ziyaret edilmesi y\u00f6ntemleriyle elde edilmektedir:<\/p>\n<p><strong>g) KVKK\u2019n\u0131n 11.Maddesi Kapsam\u0131ndaki Haklar\u0131n\u0131z<\/strong><\/p>\n<p>KVKK\u2019n\u0131n 11. maddesi kapsam\u0131nda, veri sahibi olarak haklar\u0131n\u0131z bulunmakta olup bu haklar\u0131n\u0131z ile ilgili taleplerinizi tercihen web sitemizde yer alan\u00a0<u><a href=\"https:\/\/www.sybercode.com\/wp-content\/uploads\/2022\/05\/Veri_Sahibi_Basvuru_Formu.pdf\">\u0130lgili Ki\u015fi Ba\u015fvuru Formu<\/a>\u2019nda<\/u>\u00a0belirtilen b\u00fct\u00fcn bilgileri doldurmak suretiyle KVKK\u2019n\u0131n 11. maddesi ile 13. maddesinin 1. f\u0131kras\u0131 ve\u00a0<strong><em>Veri Sorumlusuna Ba\u015fvuru Usul ve Esaslar\u0131 Hakk\u0131nda Tebli\u011f<\/em><\/strong>\u00a0gere\u011fince,<\/p>\n<ul>\n<li><em>\u00c7aml\u0131k Mh. Din\u00e7 Sk. No:28 \u00dcmraniye\/\u0130STANBUL <\/em>adresindeki \u015eirketimize bizzat gelerek,<\/li>\n<li>kimli\u011finizi tespit edebilmek ve yanl\u0131\u015f ki\u015filere bilgi vermemek ad\u0131na yaz\u0131l\u0131 olarak noter arac\u0131l\u0131\u011f\u0131 ile veya iadeli taahh\u00fctl\u00fc mektup ile,<\/li>\n<li>(varsa) taraf\u0131n\u0131zca daha \u00f6nce \u015eirketimize bildirilen ve sistemlerimizde kay\u0131tl\u0131 bulunan elektronik posta adresini kullanmak suretiyle adresine elektronik posta g\u00f6ndererek<\/li>\n<\/ul>\n<p>veya gelecekte Kurul\u2019un belirleyece\u011fi di\u011fer y\u00f6ntemlerle iletebilirsiniz.<\/p>\n<p><strong>h) Ki\u015fisel Verilerin Saklanma S\u00fcresi<\/strong><\/p>\n<p>\u015eirket, ki\u015fisel verilerin i\u015fleme amac\u0131n\u0131n ortan kalkmas\u0131, Kanunlar ve ilgili sair mevzuat kapsam\u0131nda belirlenen zorunlu saklama s\u00fcrelerinin dolmas\u0131yla bilirlikte ki\u015fisel verileri siler, yok eder, imha eder veya anonim hale getirir.<\/p>\n<p><strong>i) De\u011fi\u015fiklik ve G\u00fcncellemeler<\/strong><\/p>\n<p>\u0130\u015f bu ayd\u0131nlatma metni, 6698 say\u0131l\u0131 Ki\u015fisel Verilerin Korunmas\u0131 Kanunu ve ilgili sair mevzuat kapsam\u0131nda haz\u0131rlanm\u0131\u015ft\u0131r. \u0130lgili yasal mevzuat ve\/veya \u015eirket\u2019\u0130n ki\u015fisel veri i\u015fleme ama\u00e7 ve politikalar\u0131nda meydana gelecek de\u011fi\u015fiklikler do\u011frultusunda bahse konu ayd\u0131nlatma metninde gerekli de\u011fi\u015fiklikler yap\u0131labilir.<\/p>\n<p>Ayd\u0131nlatma Metninin en g\u00fcncel haline adresinden ula\u015f\u0131labilecektir.<\/p>\n<p><a href=\"https:\/\/www.sybercode.com\/wp-content\/uploads\/2022\/05\/Veri_Sahibi_Basvuru_Formu.pdf\">KVKK Ba\u015fvuru Formu<\/a><\/p>","protected":false},"excerpt":{"rendered":"<p>\u0130NTERNET S\u0130TES\u0130 AYDINLATMA METN\u0130 T\u00dcV AUSTRIA SYBERCODE B\u0130L\u0130\u015e\u0130M TEKNOLOJ\u0130LER\u0130 A.\u015e 6698 SAYILI K\u0130\u015e\u0130SEL VER\u0130LER\u0130N KORUNMASI KANUNU KAPSAMINDA AYDINLATMA METN\u0130 \u00a0a)\u00a0Veri Sorumlusu\u00a0 T\u00dcV AUSTRIA SYBERCODE B\u0130L\u0130\u015e\u0130M TEKNOLOJ\u0130LERi ANON\u0130M \u015e\u0130RKET\u0130 olarak (Bundan sonra \u201c\u015eirket\u201d olarak an\u0131lacakt\u0131r.) ki\u015fisel verilerinizi, 6698 say\u0131l\u0131 Ki\u015fisel Verilerin [&hellip;]<\/p>","protected":false},"author":1,"featured_media":0,"parent":0,"menu_order":0,"comment_status":"closed","ping_status":"closed","template":"","meta":[],"_links":{"self":[{"href":"https:\/\/www.sybercode.com\/en\/wp-json\/wp\/v2\/pages\/14029"}],"collection":[{"href":"https:\/\/www.sybercode.com\/en\/wp-json\/wp\/v2\/pages"}],"about":[{"href":"https:\/\/www.sybercode.com\/en\/wp-json\/wp\/v2\/types\/page"}],"author":[{"embeddable":true,"href":"https:\/\/www.sybercode.com\/en\/wp-json\/wp\/v2\/users\/1"}],"replies":[{"embeddable":true,"href":"https:\/\/www.sybercode.com\/en\/wp-json\/wp\/v2\/comments?post=14029"}],"version-history":[{"count":8,"href":"https:\/\/www.sybercode.com\/en\/wp-json\/wp\/v2\/pages\/14029\/revisions"}],"predecessor-version":[{"id":15880,"href":"https:\/\/www.sybercode.com\/en\/wp-json\/wp\/v2\/pages\/14029\/revisions\/15880"}],"wp:attachment":[{"href":"https:\/\/www.sybercode.com\/en\/wp-json\/wp\/v2\/media?parent=14029"}],"curies":[{"name":"wp","href":"https:\/\/api.w.org\/{rel}","templated":true}]}}