{"id":13721,"date":"2020-09-22T07:13:27","date_gmt":"2020-09-22T07:13:27","guid":{"rendered":"https:\/\/www.sybercode.com\/?page_id=13721"},"modified":"2022-07-07T12:46:29","modified_gmt":"2022-07-07T12:46:29","slug":"gizlilik-politikasi","status":"publish","type":"page","link":"https:\/\/www.sybercode.com\/en\/gizlilik-politikasi\/","title":{"rendered":"Privacy Policy"},"content":{"rendered":"<h4><strong>T\u00dcV AUSTRIA SYBERCODE B\u0130L\u0130\u015e\u0130M TEKNOLOJ\u0130LER\u0130 A.\u015e<\/strong><\/h4>\n<p><strong>G\u0130ZL\u0130L\u0130K POL\u0130T\u0130KASI<\/strong><\/p>\n<p>Bu gizlilik bildirimi, <strong>T\u00dcV AUSTRIA SYBERCODE B\u0130L\u0130\u015e\u0130M TEKNOLOJ\u0130LER\u0130 A.\u015e<\/strong>\u00a0(Bundan sonra \u201c\u015eirket\u201d olarak an\u0131lacakt\u0131r.) olarak, bu web sitesini ziyaret eden bireylerle ilgili bilgileri toplama, saklama ve kullanma \u015feklimizi a\u00e7\u0131klamaktad\u0131r. Bu web sitesini kullanarak, bu gizlilik politikas\u0131nda belirtilen bilgilerin toplanmas\u0131na ve kullan\u0131lmas\u0131na izin vermi\u015f say\u0131l\u0131rs\u0131n\u0131z.<\/p>\n<p><strong>OTOMAT\u0130K TOPLANAN B\u0130LG\u0130LER<\/strong><\/p>\n<p><strong>Kimli\u011fi Saptanamayan Bilgiler<\/strong>\u00a0\u2013 Di\u011fer bir\u00e7ok web sitesinde oldu\u011fu gibi, bu web sitesi de otomatik olarak kullan\u0131c\u0131lar\u0131n baz\u0131 bilgilerini toplar; bilgisayar\u0131n\u0131z\u0131n \u0130nternet Protokol adresi (IP), web sitesine giri\u015f yapt\u0131\u011f\u0131n\u0131z tarih ve zaman, bu web sitesine giri\u015f yapt\u0131\u011f\u0131n\u0131z sayfa, kulland\u0131\u011f\u0131n\u0131z i\u015fletim sistemi, ziyaret etti\u011finiz web sitesi b\u00f6l\u00fcmleri, ziyaret etti\u011finiz web sitesi sayfalar\u0131, g\u00f6r\u00fcnt\u00fcledi\u011finiz bilgiler ve web sitesine koydu\u011funuz veya web sitesinden indirdi\u011finiz malzemeler gibi. Bu bilgiler web sitesi, sistem y\u00f6netimi ve web sitesinin geli\u015ftirilmesi i\u00e7in kullan\u0131l\u0131r.\u00a0<strong>5651 Say\u0131l\u0131 \u0130nternet Ortam\u0131nda Yap\u0131lan Yay\u0131nlar\u0131n D\u00fczenlenmesi ve Bu Yay\u0131nlar Yoluyla \u0130\u015flenen Su\u00e7larla M\u00fccadele Edilmesi Hakk\u0131nda Kanun<\/strong>\u00a0ve ilgili y\u00f6netmelikler kapsam\u0131ndaki y\u00fck\u00fcml\u00fcl\u00fcklerimiz gere\u011fi bu bilgilerin bir k\u0131sm\u0131 kay\u0131t alt\u0131na al\u0131nabilir ve ilgili adli ve idari mercilerin talepleri \u00fczerine kendileriyle payla\u015f\u0131labilir.<\/p>\n<p><strong>Tan\u0131mlama Bilgileri (\u00c7erezler \u2013 Cookies)<\/strong>\u00a0\u2013 Bu web sitesinde \u201cCookies\u201d teknolojisi vard\u0131r. Bu teknoloji, web sitesi kullan\u0131c\u0131s\u0131n\u0131n bilgisayar\u0131na bilgi y\u00fckleyerek, web sitesine bu bilgisayardan yap\u0131lacak ziyaretlerin tan\u0131nmas\u0131n\u0131 sa\u011flar. \u201cCookies\u201d web sitesinin kullan\u0131m\u0131n\u0131 ve uygunlu\u011funu artt\u0131r\u0131r. \u201cCookies\u201d taraf\u0131ndan sa\u011flanan bilgiler web sitesinin eski bir kullan\u0131c\u0131s\u0131 olarak tan\u0131nman\u0131z\u0131, ihtiya\u00e7lar\u0131n\u0131za kar\u015f\u0131l\u0131k verilebilmesi i\u00e7in web sitesindeki aktivitelerinizin takip edilmesini, kullan\u0131m\u0131n\u0131z i\u00e7in ki\u015fisel bilgi ve web sitesi i\u00e7eri\u011finin sunulmas\u0131n\u0131, \u00e7evrimi\u00e7i (online) formlar\u0131n ki\u015fisel bilgileriniz ile beraber otomatik olarak olu\u015fturulmas\u0131n\u0131 ve web sitesi tecr\u00fcbenizin kolayla\u015ft\u0131r\u0131lmas\u0131n\u0131 sa\u011flar.<br \/>\nTaray\u0131c\u0131n\u0131z (browser) izin verirse \u201cCookies\u201di reddedebilirsiniz, ancak bu durum web sitesi kullan\u0131m\u0131n\u0131z\u0131 ve baz\u0131 web sitesi \u00f6zelliklerine eri\u015fim imkan\u0131n\u0131z\u0131 etkileyebilir. \u00c7erezleri kapatmak i\u00e7in; Chrome\u2019da taray\u0131c\u0131 ayarlar\u0131n\u0131zda \u201cAyarlar\/Gizlilik\/\u0130\u00e7erik Ayarlar\u0131\/\u00c7erez kullan\u0131m\u0131n\u0131 kapat\u201d se\u00e7ene\u011fini, Safari\u2019de taray\u0131c\u0131 ayarlar\u0131n\u0131zda \u201cTercihler\/Gizlilik\/T\u00fcm \u00c7erezleri Engelle\u201d se\u00e7ene\u011fini, Internet Explorer\u2019da taray\u0131c\u0131 ayarlar\u0131n\u0131zda \u201cSe\u00e7enekler\/\u0130nternet Ayarlar\u0131\/Gizlilik\/Ayarlar\u201d se\u00e7ene\u011fini, Firefox\u2019da \u201cAra\u00e7lar\/ Se\u00e7enekler\/Gizlilik\/\u00c7erez kabul y\u00f6ntemi\/Firefox kapat\u0131lana kadar\u201d se\u00e7ene\u011fini kullanabilirsiniz.<\/p>\n<p><strong>KULLANILAN B\u0130LG\u0130LER<\/strong><\/p>\n<p><strong>Bilgi takibi<\/strong> \u2013 <strong>T\u00dcV AUSTRIA SYBERCODE B\u0130L\u0130\u015e\u0130M TEKNOLOJ\u0130LER\u0130 A.\u015e<\/strong> ki\u015fisel olmayan bilgileri kullanarak, kullan\u0131c\u0131 istatistikleri ve web sitesi kullan\u0131m\u0131 ile ilgili bilgi takibi raporlar\u0131 olu\u015fturabilir ve bu raporlar\u0131 ba\u015fkalar\u0131yla payla\u015fabilir. Rapordaki hi\u00e7bir bilgi kimlik ve di\u011fer ki\u015fisel bilgilere ba\u011fl\u0131 olmayacakt\u0131r.<\/p>\n<p><strong>Ki\u015fisel Bilgiler<\/strong>\u00a0\u2013 Web sitemizde bulunan \u201cBize Ula\u015f\u0131n Formu\u201d ile \u015firketimize \u00e7evrimi\u00e7i (online) olarak bize ula\u015fman\u0131za imk\u00e2n sa\u011fl\u0131yoruz. Bahse konu ki\u015fisel bilgileri sadece\u00a0<strong>6698 say\u0131l\u0131 Ki\u015fisel Verilerin Korunmas\u0131 Kanunu<\/strong>\u00a0ve i\u015fbu Gizlilik Politikas\u0131na uygun bir \u015fekilde toplay\u0131p saklayacak, i\u015fleme tabi tutacak, kullanacak, iletecek ve\/veya a\u00e7\u0131klayaca\u011f\u0131z.\u00a0<strong>6698 say\u0131l\u0131 Ki\u015fisel Verilerin Korunmas\u0131 Kanunu<\/strong>\u00a0kapsam\u0131ndaki haklar\u0131n\u0131z\u0131 \u00f6\u011frenmek i\u00e7in l\u00fctfen bu web sitesinde payla\u015ft\u0131\u011f\u0131m\u0131z\u00a0<a href=\"https:\/\/www.sybercode.com\/en\/aydinlatma-metni\/\"><strong>\u201cAyd\u0131nlatma Metni\u201d<\/strong><\/a>ni okuyunuz.<\/p>\n<p>Web sitemizde bulunan \u201cBize Ula\u015f\u0131n Formu\u201d ile sadece kendinize ait verileri payla\u015fman\u0131z\u0131 bekliyoruz. E\u011fer arac\u0131 olarak veya ba\u015fka bir suretle \u00fc\u00e7\u00fcnc\u00fc ki\u015filer ad\u0131na hareket ediyorsan\u0131z veya bize \u00fc\u00e7\u00fcnc\u00fc ki\u015filerle ilgili (\u00f6rne\u011fin bir aile ferdiniz) bilgi veriyorsan\u0131z, bu durum, s\u00f6z konusu \u00fc\u00e7\u00fcnc\u00fc ki\u015finin yetkili temsilcisi veya arac\u0131s\u0131 olma y\u00fck\u00fcml\u00fcl\u00fc\u011f\u00fcn\u00fc \u00fcstlendi\u011finiz ve s\u00f6z konusu \u00fc\u00e7\u00fcnc\u00fc ki\u015fiden bizim onlara ait bilgiyi toplamam\u0131z, i\u015fleme tabi tutmam\u0131z, kullanmam\u0131z ve a\u00e7\u0131klamam\u0131z i\u00e7in gerekli t\u00fcm izinleri ald\u0131\u011f\u0131n\u0131z anlam\u0131na gelir. \u00dc\u00e7\u00fcnc\u00fc ki\u015fiye ait bilgileri sizden elde etti\u011fimiz i\u00e7in, \u00fc\u00e7\u00fcnc\u00fc ki\u015fiye bu Gizlilik Politikas\u0131nda yer alan b\u00fct\u00fcn hususlar\u0131 aktarmak, tercihen s\u00f6z konusu \u00fc\u00e7\u00fcnc\u00fc ki\u015fiye bu beyan\u0131n bir kopyas\u0131n\u0131 temin etmek veya bu \u015fah\u0131slar\u0131 web sitemize y\u00f6nlendirmek sizin sorumlulu\u011funuzdur.<\/p>\n<p><strong>\u00c7OCUKLARIN MAHREM\u0130YET\u0130N\u0130N KORUNMASI<\/strong><\/p>\n<p><strong>T\u00dcV AUSTRIA SYBERCODE B\u0130L\u0130\u015e\u0130M TEKNOLOJ\u0130LER\u0130 A.\u015e<\/strong> \u00f6zellikle \u00e7evrimi\u00e7i (online) ortamda \u00e7ocuklar\u0131n mahremiyetinin korunmas\u0131n\u0131n \u00f6neminin bilincindedir. Web sitesi her ne kadar bilin\u00e7li olarak 18 ya\u015f\u0131ndan k\u00fc\u00e7\u00fck \u00e7ocuklara y\u00f6nelik olarak tasarlanmam\u0131\u015fsa da, \u00e7ocuklarla ilgili bilgilerin, sizin ad\u0131n\u0131za verdi\u011fimiz hizmetlerin ifas\u0131 amac\u0131yla toplanmas\u0131 ve saklanmas\u0131 gerekli olabilmektedir.<br \/>\nAncak 18 ya\u015f\u0131ndan k\u00fc\u00e7\u00fck \u00e7ocuklara ait bilgilerin asla bilerek toplanmamas\u0131 ve saklanmamas\u0131 prensiplerimiz aras\u0131nda yer almaktad\u0131r.<\/p>\n<p><strong>B\u0130LG\u0130LER\u0130N NASIL KULLANILACA\u011eI<\/strong><\/p>\n<p>Bu web sitesi \u00fczerinden ve di\u011fer \u015fekillerde toplad\u0131\u011f\u0131m\u0131z, ki\u015fisel bilgileri a\u015fa\u011f\u0131daki ama\u00e7larla i\u015fleme tabi tutup kullanabiliriz:<br \/>\n\u2022 Web sitesinin y\u00f6netimi amac\u0131yla;<br \/>\n\u2022 Kay\u0131tlar\u0131m\u0131z\u0131 ve veri taban\u0131m\u0131z\u0131 g\u00fcncelle\u015ftirmek amac\u0131yla;<br \/>\n\u2022 Size verdi\u011fimiz hizmetlerin ki\u015fiselle\u015ftirilme \u00f6zelliklerini geli\u015ftirmek ve sizinle veya bize bilgilerini iletti\u011finiz \u00fc\u00e7\u00fcnc\u00fc ki\u015filerle ilgili bilgileri saklamak amac\u0131yla.<\/p>\n<p><strong>K\u0130\u015e\u0130SEL B\u0130LG\u0130LER\u0130N KORUNMASI<\/strong><\/p>\n<p>Ki\u015fisel Bilgileriniz, bu Gizlilik Politikas\u0131nda belirtilen durumlar d\u0131\u015f\u0131nda \u00fc\u00e7\u00fcnc\u00fc ki\u015filere aktar\u0131lamayacakt\u0131r. Ki\u015fisel Bilgilerinizi, bu bilgileri i\u015fbu Gizlilik Politikas\u0131na uygun olarak i\u015flemeyi kabul eden ve<strong>T\u00dcV AUSTRIA SYBERCODE B\u0130L\u0130\u015e\u0130M TEKNOLOJ\u0130LER\u0130 A.\u015e<\/strong>\u2019nin y\u00f6netiminde s\u00f6z sahibi oldu\u011fu kurulu\u015flara a\u00e7\u0131klayabiliriz. Ki\u015fisel Bilgiler ayr\u0131ca bu bilgilerin toplanma amac\u0131na uygun olarak i\u015flenmek \u00fczere bizim ad\u0131m\u0131za \u00e7al\u0131\u015fan \u00fc\u00e7\u00fcnc\u00fc ki\u015filere devredilebilir. Bu \u00fc\u00e7\u00fcnc\u00fc ki\u015filer, Ki\u015fisel Bilgileri sadece belirlenen ama\u00e7la s\u0131n\u0131rl\u0131 olarak i\u015flemekle ve Ki\u015fisel Bilgilerinizi \u00fc\u00e7\u00fcnc\u00fc ki\u015filere satmamakla ve 6698 say\u0131l\u0131 Ki\u015fisel Bilgilerin Korunmas\u0131 Kanunu ba\u015fta olmak \u00fczere kanunlar\u0131n izin verdi\u011fi, taraf\u0131m\u0131zdan talep edilen veya i\u015fbu Gizlilik Politikas\u0131nda belirtilen durumlar\u0131n d\u0131\u015f\u0131nda \u00fc\u00e7\u00fcnc\u00fc ki\u015filere if\u015fa etmemekle y\u00fck\u00fcml\u00fcd\u00fcrler.<br \/>\nKi\u015fisel Bilgiler, ge\u00e7erli bir kanunun, mahkeme emrinin veya resmi d\u00fczenlemenin gerektirmesi halinde cezai veya hukuki bir soru\u015fturmay\u0131 desteklemek i\u00e7in gerekli olmas\u0131 halinde \u00fc\u00e7\u00fcnc\u00fc bir tarafa if\u015fa edilebilir.<\/p>\n<p><strong>D\u0130\u011eER KONULAR<\/strong><\/p>\n<p><strong>G\u00fcvenlik<\/strong>\u00a0\u2013 Bilgisayar a\u011f\u0131, uygulamalar\u0131 ve veri taban\u0131n\u0131n g\u00fcvenli olmas\u0131 ve yetkisiz giri\u015flere ve kullan\u0131ma kapal\u0131 olmas\u0131 i\u00e7in \u00e7al\u0131\u015f\u0131yoruz. Baz\u0131 ki\u015fisel bilgileriniz ile ilgili g\u00fcvenlik kayg\u0131lar\u0131n\u0131z var ise, l\u00fctfen bu bilgileri internet yoluyla g\u00f6ndermeyin.<\/p>\n<p><strong>Di\u011fer Web Siteleri<\/strong> \u2013 Web sitemiz di\u011fer web sitelerine veya internet kaynaklar\u0131na ba\u011flant\u0131 verebilir. Bu ba\u011flant\u0131lardan birine girdi\u011finizde ba\u015fka bir web sitesine veya internet kayna\u011f\u0131na ge\u00e7i\u015f yapm\u0131\u015f oluyorsunuz. Bu kaynak, iste\u011finiz do\u011frultusunda veya \u201ccookies\u201d veya di\u011fer teknolojiler arac\u0131l\u0131\u011f\u0131yla sizden bilgi alabilir. <strong>T\u00dcV AUSTRIA SYBERCODE B\u0130L\u0130\u015e\u0130M TEKNOLOJ\u0130LER\u0130 A.\u015e<\/strong>\u2019un bu web siteler veya internet kaynaklar\u0131 veya bunlar\u0131n bilginizi toplamas\u0131, kullanmas\u0131 veya if\u015fa etmesi ile ilgili bir sorumluluk, y\u00fck\u00fcml\u00fcl\u00fck veya kontrol\u00fc yoktur. Di\u011fer web sitesi ve internet kaynaklar\u0131n\u0131n gizlilik politikalar\u0131n\u0131 g\u00f6zden ge\u00e7irmeniz ve bilgilerinizi nas\u0131l toplay\u0131p kulland\u0131\u011f\u0131 konusunu anlaman\u0131z gerekir.<\/p>\n<p><strong>Gizlilik Politikas\u0131nda Olu\u015facak De\u011fi\u015fiklikler<\/strong> \u2013 \u015eirket zaman i\u00e7inde Gizlilik Politikas\u0131nda de\u011fi\u015fiklikler yapabilir ve Gizlilik Politikas\u0131na eklemelerde bulunabilir. Bu durumda <strong>T\u00dcV AUSTRIA SYBERCODE B\u0130L\u0130\u015e\u0130M TEKNOLOJ\u0130LER\u0130 A.\u015e<\/strong> web sitesinde g\u00fcncellenmi\u015f Gizlilik Politikas\u0131n\u0131 payla\u015facakt\u0131r.<\/p>","protected":false},"excerpt":{"rendered":"<p>T\u00dcV AUSTRIA SYBERCODE B\u0130L\u0130\u015e\u0130M TEKNOLOJ\u0130LER\u0130 A.\u015e G\u0130ZL\u0130L\u0130K POL\u0130T\u0130KASI Bu gizlilik bildirimi, T\u00dcV AUSTRIA SYBERCODE B\u0130L\u0130\u015e\u0130M TEKNOLOJ\u0130LER\u0130 A.\u015e\u00a0(Bundan sonra \u201c\u015eirket\u201d olarak an\u0131lacakt\u0131r.) olarak, bu web sitesini ziyaret eden bireylerle ilgili bilgileri toplama, saklama ve kullanma \u015feklimizi a\u00e7\u0131klamaktad\u0131r. Bu web sitesini kullanarak, [&hellip;]<\/p>","protected":false},"author":1,"featured_media":0,"parent":0,"menu_order":0,"comment_status":"closed","ping_status":"closed","template":"","meta":[],"_links":{"self":[{"href":"https:\/\/www.sybercode.com\/en\/wp-json\/wp\/v2\/pages\/13721"}],"collection":[{"href":"https:\/\/www.sybercode.com\/en\/wp-json\/wp\/v2\/pages"}],"about":[{"href":"https:\/\/www.sybercode.com\/en\/wp-json\/wp\/v2\/types\/page"}],"author":[{"embeddable":true,"href":"https:\/\/www.sybercode.com\/en\/wp-json\/wp\/v2\/users\/1"}],"replies":[{"embeddable":true,"href":"https:\/\/www.sybercode.com\/en\/wp-json\/wp\/v2\/comments?post=13721"}],"version-history":[{"count":9,"href":"https:\/\/www.sybercode.com\/en\/wp-json\/wp\/v2\/pages\/13721\/revisions"}],"predecessor-version":[{"id":15605,"href":"https:\/\/www.sybercode.com\/en\/wp-json\/wp\/v2\/pages\/13721\/revisions\/15605"}],"wp:attachment":[{"href":"https:\/\/www.sybercode.com\/en\/wp-json\/wp\/v2\/media?parent=13721"}],"curies":[{"name":"wp","href":"https:\/\/api.w.org\/{rel}","templated":true}]}}