{"id":13716,"date":"2020-09-22T07:05:11","date_gmt":"2020-09-22T07:05:11","guid":{"rendered":"https:\/\/www.sybercode.com\/?page_id=13716"},"modified":"2022-07-07T12:56:31","modified_gmt":"2022-07-07T12:56:31","slug":"cerez-politikasi","status":"publish","type":"page","link":"https:\/\/www.sybercode.com\/en\/cerez-politikasi\/","title":{"rendered":"Cookie Policy"},"content":{"rendered":"<p><strong><u>\u0130NTERNET S\u0130TES\u0130 \u00c7EREZ POL\u0130T\u0130KASI<\/u><\/strong><strong>\u00a0<\/strong><\/p>\n<p><strong>T\u00dcV AUSTRIA SYBERCODE B\u0130L\u0130\u015e\u0130M TEKNOLOJ\u0130LER\u0130 ANON\u0130M \u015e\u0130RKET\u0130 <\/strong>(Bundan sonra \u201c<strong>\u015eirket<\/strong>\u201d) olarak, internet sitesi ziyaret\u00e7ilerimize ait ki\u015fisel verilerin, 6698 say\u0131l\u0131 Ki\u015fisel Verilerin Korunmas\u0131 Kanunu ve ilgili sair mevzuat\u0131na (\u201c<strong>KVK Mevzuat\u0131<\/strong>\u201d) uygun olarak i\u015flenmesi i\u00e7in azami hassasiyeti g\u00f6stermekte ve internet sitemiz arac\u0131l\u0131\u011f\u0131yla \u00e7erez kullanmakta oldu\u011fumuzu belirtmek isteriz.<\/p>\n<p>\u0130\u015fbu \u00c7erez Politikas\u0131n\u0131n amac\u0131, taraf\u0131m\u0131zca i\u015fletilmekte olan <a href=\"https:\/\/www.sybercode.com\/en\/\">https:\/\/www.sybercode.com\/<\/a>\u00a0internet sitesinin (\u201c<strong>Site<\/strong>\u201d) Site kullan\u0131c\u0131lar\u0131\/\u00fcyeleri\/ziyaret\u00e7ileri (\u201c<strong>Veri Sahibi<\/strong>\u201d) taraf\u0131ndan ziyaret edilmesi ile elde edilen \u00e7erezlerin, t\u00fcrleri ve kullan\u0131m ama\u00e7lar\u0131 hakk\u0131nda ilgili sizleri bilgilendirmektir.<\/p>\n<p><strong>\u00c7erez Nedir?<\/strong><\/p>\n<p>\u00c7erezler, bir internet sitesini ziyaret etti\u011finiz zaman bilgisayar\u0131n\u0131zda veya mobil cihaz\u0131n\u0131zda (\u201ccihaz\u201d) saklanan s\u00f6z konusu cihaz\u0131n tespit edilmesine olanak sa\u011flayan \u00e7o\u011funlukla harf veya say\u0131lardan olu\u015fan k\u00fc\u00e7\u00fck metin dosyalar\u0131d\u0131r.<\/p>\n<p><strong>\u00c7erezler Vas\u0131tas\u0131yla \u0130\u015flenen Ki\u015fisel Verileriniz Nelerdir?<\/strong><\/p>\n<p>\u00c7erezler vas\u0131tas\u0131yla Site \u00fczerindeki kullan\u0131m ve ziyaret al\u0131\u015fkanl\u0131klar\u0131n\u0131z, oturum bilgileriniz, ge\u00e7mi\u015f i\u015flemleriniz ve gezinme bilgileriniz i\u015flenmektedir.<\/p>\n<p>\u015eirket olarak, g\u00fcnl\u00fck dosyalar, bo\u015f gif dosyalar\u0131 ve\/veya \u00fc\u00e7\u00fcnc\u00fc taraf kaynaklar\u0131 yoluyla toplad\u0131\u011f\u0131m\u0131z \u00e7erezlerden olu\u015fan ki\u015fisel verilerinizi, KVK Mevzuat\u0131na uygun olarak ve a\u015fa\u011f\u0131da belirtilen ama\u00e7lar ile s\u0131n\u0131rl\u0131 olmak kayd\u0131yla i\u015flemekteyiz:<\/p>\n<ul>\n<li>Site ziyaret\u00e7ilerimize daha iyi hizmet sa\u011flayabilmek amac\u0131yla Site \u00fczerinde gezinme bilgileriniz i\u015flenmekte, bu ama\u00e7 ile s\u0131n\u0131rl\u0131 olarak \u00fc\u00e7\u00fcnc\u00fc ki\u015filerle payla\u015f\u0131lmakta ve g\u00fcvenli olarak saklanmaktad\u0131r.<\/li>\n<\/ul>\n<p>\u015eirket, \u00e7evrimi\u00e7i ve \u00e7evrimd\u0131\u015f\u0131 olarak farkl\u0131 y\u00f6ntemlerle toplanan bilgileri veya farkl\u0131 zamanlarda Site \u00fczerinde sizden toplanan bilgileri e\u015fle\u015ftirebilir ve bu bilgileri \u00fc\u00e7\u00fcnc\u00fc taraflar gibi ba\u015fka kaynaklardan al\u0131nan bilgilerle birlikte kullanabilir.<\/p>\n<p><strong>Hangi \u00c7erez T\u00fcrleri Kullan\u0131lmaktad\u0131r?<\/strong><\/p>\n<p>Sitemizde hem birinci parti \u00e7erezler (ziyaret etti\u011finiz site taraf\u0131ndan yerle\u015ftirilen) hem de \u00fc\u00e7\u00fcnc\u00fc parti \u00e7erezleri (ziyaret etti\u011finiz site haricindeki sunucular taraf\u0131ndan yerle\u015ftirilen) kullan\u0131lmaktad\u0131r. A\u015fa\u011f\u0131da Sitemizde kulland\u0131\u011f\u0131m\u0131z farkl\u0131 t\u00fcrdeki \u00e7erezleri bulabilirsiniz:<\/p>\n<ul>\n<li><strong>Zorunlu (Temel) \u00c7erezler:<\/strong>\u00a0Sitenin d\u00fczg\u00fcn bir \u015fekilde \u00e7al\u0131\u015fabilmesi, \u00f6zelliklerinden ve sunulan hizmetlerden yararlanabilmeniz i\u00e7in kullan\u0131m\u0131 mecburi olan \u00e7erezlerdir. \u00d6rne\u011fin, sitemizde oturum a\u00e7t\u0131\u011f\u0131n\u0131zda devreye giren kimlik do\u011frulama \u00e7erezleri, sitemizde bir sayfadan di\u011ferine ge\u00e7i\u015finizde etkin olan oturumunuzun devam etmesini sa\u011flamaktad\u0131r. Bu \u00e7erezlerin devre d\u0131\u015f\u0131 b\u0131rak\u0131lmas\u0131 hizmet ve \u00f6zelliklerin kullan\u0131lamaz hale gelmesine neden olabilir.<\/li>\n<li><strong>Kal\u0131c\u0131 \u00c7erezler:<\/strong>\u00a0Site\u2019nin i\u015flevselli\u011fini art\u0131rmak, ziyaret\u00e7ilerimize daha h\u0131zl\u0131 ve iyi bir hizmet sunmak amac\u0131yla kullan\u0131lan ve taray\u0131c\u0131lar vas\u0131tas\u0131yla taraf\u0131n\u0131zca silininceye dek veya son kullan\u0131m tarihine kadar ge\u00e7erlili\u011fini koruyan \u00e7erezlerdir. Bu t\u00fcr \u00e7erezler, yapt\u0131\u011f\u0131n\u0131z tercihleri hat\u0131rlamak ve web sitesi kullan\u0131m\u0131n\u0131z\u0131 ki\u015fiselle\u015ftirmek i\u00e7in kullan\u0131r. Bu kullan\u0131m parolan\u0131z\u0131 kaydeden ve web sitesi oturumunuzun s\u00fcrekli a\u00e7\u0131k kalmas\u0131n\u0131 sa\u011flayan, b\u00f6ylece her ziyaretinizde birden fazla kez parola girme zahmetinden kurtaran \u00e7erezleri ve web sitesini daha sonraki ziyaretlerinizde sizi hat\u0131rlayan ve tan\u0131yan \u00e7erezleri i\u00e7erir.<\/li>\n<li><strong>Oturum \u00c7erezleri:<\/strong>\u00a0Siteyi ziyaretiniz s\u00fcresince kullan\u0131lan, taray\u0131c\u0131 kapat\u0131ld\u0131ktan sonra silinen ge\u00e7ici \u00e7erezlerdir. Bu t\u00fcr \u00e7erezler, ki\u015fisel veri i\u00e7ermezler ve ki\u015fisel verilerin internette aktar\u0131lma ihtiyac\u0131n\u0131 azaltmaya yard\u0131m eder. Bu \u00e7erezleri silebilir veya kullan\u0131lmalar\u0131n\u0131 engelleyebilirsiniz; ancak, bu \u00e7erezlerin devre d\u0131\u015f\u0131 b\u0131rak\u0131lmas\u0131, Site performans\u0131n\u0131n d\u00fc\u015fmesine ve kullan\u0131c\u0131 deneyiminizin k\u0131s\u0131tlanmas\u0131na neden olabilir.<\/li>\n<li><strong>Google Analytics:<\/strong><\/li>\n<\/ul>\n<ul>\n<li><strong>\u0130\u015flevi:<\/strong>\u00a0\u0130zleme \/ Analiz<\/li>\n<li><strong>Kullan\u0131lma Amac\u0131:<\/strong>\u00a0Performans ve kullan\u0131c\u0131 deneyimini art\u0131rmak i\u00e7in, siteye gelen ziyaret\u00e7i hareketlerini farkl\u0131 a\u00e7\u0131lardan \u00f6l\u00e7\u00fcmlemek ve analiz etmek.<\/li>\n<li><strong>\u00c7al\u0131\u015fma Y\u00f6ntemi:<\/strong> <a href=\"https:\/\/www.sybercode.com\/en\/\">https:\/\/www.sybercode.com\/<\/a>\u00a0sitesi i\u00e7erisinde hangi ekranlarda gezindi\u011finiz ve neler yapt\u0131\u011f\u0131n\u0131z hakk\u0131nda isimsiz (anonim) toplu veriler sa\u011flar.<\/li>\n<li><strong>\u00c7erez T\u00fcr\u00fc:<\/strong>\u00a0\u00dc\u00e7\u00fcnc\u00fc Parti, Kal\u0131c\u0131 ve Oturum \u00e7erezleri<\/li>\n<\/ul>\n<p><strong>\u00c7erez Kullan\u0131m\u0131n\u0131 Nas\u0131l Kontrol Edebilirsiniz?<\/strong><\/p>\n<p>Sitemizi kullanabilmek i\u00e7in \u00e7erez kullan\u0131m\u0131 zorunlu de\u011fildir; taray\u0131c\u0131n\u0131z\u0131n ayarlar\u0131n\u0131 de\u011fi\u015ftirerek \u00e7erezlere ili\u015fkin tercihlerinizi ki\u015fiselle\u015ftirme imk\u00e2n\u0131na sahipsiniz.<\/p>\n<p>Taray\u0131c\u0131n\u0131z\u0131 t\u00fcm \u00e7erezleri engelleyecek \u015fekilde ayarlaman\u0131z halinde, Sitemizi kullanmaya devam edebilirsiniz; ancak, Site\u2019nin t\u00fcm i\u015flevlerine eri\u015femeyebilir veya eri\u015fiminiz s\u0131n\u0131rl\u0131 olabilir, kullan\u0131c\u0131 deneyiminizin kalitesi d\u00fc\u015febilir.<\/p>\n<table>\n<tbody>\n<tr>\n<td style=\"text-align: left;\" width=\"123\">Google Analytics<\/td>\n<td style=\"text-align: left;\" width=\"482\"><a href=\"https:\/\/tools.google.com\/dlpage\/gaoptout\">https:\/\/tools.google.com\/dlpage\/gaoptout<\/a><\/td>\n<\/tr>\n<tr>\n<td style=\"text-align: left;\" width=\"123\">Google Chrome<\/td>\n<td style=\"text-align: left;\" width=\"482\"><a href=\"https:\/\/www.google.com\/support\/chrome\/bin\/answer.py?hl=en&amp;answer=95647\">http:\/\/www.google.com\/support\/chrome\/bin\/answer.py?hl=en&amp;answer=95647<\/a><\/td>\n<\/tr>\n<tr>\n<td style=\"text-align: left;\" width=\"123\">Internet Explorer<\/td>\n<td width=\"482\">\n<p style=\"text-align: left;\"><a href=\"https:\/\/support.microsoft.com\/en-us\/help\/17442\/windows-internet-explorer-\">https:\/\/support.microsoft.com\/en-us\/help\/17442\/windows-internet-explorer-<\/a><\/p>\n<p style=\"text-align: left;\"><a href=\"https:\/\/support.microsoft.com\/en-us\/help\/17442\/windows-internet-explorer-delete-manage-cookies\">delete-manage-cookies<\/a><\/p>\n<\/td>\n<\/tr>\n<tr>\n<td style=\"text-align: left;\" width=\"123\">Mozilla Firefox<\/td>\n<td style=\"text-align: left;\" width=\"482\"><a href=\"https:\/\/support.mozilla.org\/en-US\/kb\/cookies-information-websites-store-on-your-computer?redirectlocale=en-US&amp;redirectslug=Cookies\">https:\/\/support.mozilla.org\/en-US\/kb\/cookies-information-websites-store-on-your-computer?redirectlocale=en-US&amp;redirectslug=Cookies<\/a><\/td>\n<\/tr>\n<tr>\n<td style=\"text-align: left;\" width=\"123\">Opera<\/td>\n<td style=\"text-align: left;\" width=\"482\"><a href=\"https:\/\/www.opera.com\/browser\/tutorials\/security\/privacy\/\">http:\/\/www.opera.com\/browser\/tutorials\/security\/privacy\/<\/a><\/td>\n<\/tr>\n<tr>\n<td style=\"text-align: left;\" width=\"123\">Safari<\/td>\n<td style=\"text-align: left;\" width=\"482\"><a href=\"https:\/\/support.apple.com\/kb\/ph19214?locale=tr%20TR\">https:\/\/support.apple.com\/kb\/ph19214?locale=tr TR<\/a><\/td>\n<\/tr>\n<\/tbody>\n<\/table>\n<p><strong>Veri Sahibi Olarak Haklar\u0131n\u0131z Nelerdir?<\/strong><\/p>\n<p>KVKK\u2019n\u0131n 11. maddesi uyar\u0131nca ki\u015fisel verilerinizin,<\/p>\n<ul>\n<li>i\u015flenip i\u015flenmedi\u011fini \u00f6\u011frenme,<\/li>\n<li>i\u015flenmi\u015fse buna ili\u015fkin bilgi talep etme,<\/li>\n<li>i\u015flenme amac\u0131n\u0131 ve bunlar\u0131n amac\u0131na uygun kullan\u0131l\u0131p kullan\u0131lmad\u0131\u011f\u0131n\u0131 \u00f6\u011frenme,<\/li>\n<li>yurt i\u00e7inde veya yurt d\u0131\u015f\u0131nda ki\u015fisel verilerin aktar\u0131ld\u0131\u011f\u0131 \u00fc\u00e7\u00fcnc\u00fc ki\u015fileri bilme,<\/li>\n<li>ki\u015fisel verilerin eksik veya yanl\u0131\u015f i\u015flenmi\u015f olmas\u0131 h\u00e2linde bunlar\u0131n d\u00fczeltilmesini isteme ve bu kapsamda yap\u0131lan i\u015flemin ki\u015fisel verilerin aktar\u0131ld\u0131\u011f\u0131 \u00fc\u00e7\u00fcnc\u00fc ki\u015filere bildirilmesini isteme,<\/li>\n<li>KVKK ve ilgili di\u011fer kanun h\u00fck\u00fcmlerine uygun olarak i\u015flenmi\u015f olmas\u0131na ra\u011fmen, i\u015flenmesini gerektiren sebeplerin ortadan kalkmas\u0131 h\u00e2linde ki\u015fisel verilerin silinmesini veya yok edilmesini isteme ve bu kapsamda yap\u0131lan i\u015flemin ki\u015fisel verilerin aktar\u0131ld\u0131\u011f\u0131 \u00fc\u00e7\u00fcnc\u00fc ki\u015filere bildirilmesini isteme,<\/li>\n<li>i\u015flenen verilerin m\u00fcnhas\u0131ran otomatik sistemler vas\u0131tas\u0131yla analiz edilmesi suretiyle ki\u015finin kendisi aleyhine bir sonucun ortaya \u00e7\u0131kmas\u0131na itiraz etme,<\/li>\n<li>ki\u015fisel verilerin kanuna ayk\u0131r\u0131 olarak i\u015flenmesi sebebiyle zarara u\u011framas\u0131 h\u00e2linde zarar\u0131n giderilmesini talep etme<\/li>\n<\/ul>\n<p>haklar\u0131na sahip oldu\u011funuzu bildirmek isteriz.<\/p>\n<p>S\u00f6z konusu haklar\u0131n\u0131za ili\u015fkin taleplerinizi, tercihen web sitemizde yer alan\u00a0<a href=\"https:\/\/www.sybercode.com\/en\/kvkk_basvuru_formu_sc.pdf\/\"><u>KVKK Ba\u015fvuru Formu<\/u><\/a>\u2019nda belirtilen b\u00fct\u00fcn bilgileri doldurmak suretiyle,<\/p>\n<ul>\n<li><em>\u201c\u00c7aml\u0131k Mh. Din\u00e7 Sk. No:28 \u00dcmraniye\/\u0130STANBUL\u00a0<\/em>adresindeki merkez ofisimize bizzat gelerek,<\/li>\n<li>kimli\u011finizi tespit edebilmek ve yanl\u0131\u015f ki\u015filere bilgi vermemek ad\u0131na yaz\u0131l\u0131 olarak noter arac\u0131l\u0131\u011f\u0131 ile veya iadeli taahh\u00fctl\u00fc mektup ile,<\/li>\n<li><strong>\u2026\u2026\u2026.@hs02.kep.tr\u00a0<\/strong>\u015feklindeki kay\u0131tl\u0131 elektronik posta (KEP) adresimiz \u00fczerinden,<\/li>\n<li>(varsa) taraf\u0131n\u0131zca daha \u00f6nce Infinitumit\u2019e bildirilen ve sistemlerimizde kay\u0131tl\u0131 bulunan elektronik posta adresini kullanmak suretiyle\u00a0<a href=\"mailto:contact@sybercode.com\">contact@sybercode.com<\/a>\u00a0adresine elektronik posta g\u00f6ndererek<\/li>\n<\/ul>\n<p>veya gelecekte Kurul\u2019un belirleyece\u011fi di\u011fer y\u00f6ntemlerle iletebilirsiniz.<\/p>","protected":false},"excerpt":{"rendered":"<p>\u0130NTERNET S\u0130TES\u0130 \u00c7EREZ POL\u0130T\u0130KASI\u00a0 T\u00dcV AUSTRIA SYBERCODE B\u0130L\u0130\u015e\u0130M TEKNOLOJ\u0130LER\u0130 ANON\u0130M \u015e\u0130RKET\u0130 (Bundan sonra \u201c\u015eirket\u201d) olarak, internet sitesi ziyaret\u00e7ilerimize ait ki\u015fisel verilerin, 6698 say\u0131l\u0131 Ki\u015fisel Verilerin Korunmas\u0131 Kanunu ve ilgili sair mevzuat\u0131na (\u201cKVK Mevzuat\u0131\u201d) uygun olarak i\u015flenmesi i\u00e7in azami hassasiyeti g\u00f6stermekte [&hellip;]<\/p>","protected":false},"author":1,"featured_media":0,"parent":0,"menu_order":0,"comment_status":"closed","ping_status":"closed","template":"","meta":[],"_links":{"self":[{"href":"https:\/\/www.sybercode.com\/en\/wp-json\/wp\/v2\/pages\/13716"}],"collection":[{"href":"https:\/\/www.sybercode.com\/en\/wp-json\/wp\/v2\/pages"}],"about":[{"href":"https:\/\/www.sybercode.com\/en\/wp-json\/wp\/v2\/types\/page"}],"author":[{"embeddable":true,"href":"https:\/\/www.sybercode.com\/en\/wp-json\/wp\/v2\/users\/1"}],"replies":[{"embeddable":true,"href":"https:\/\/www.sybercode.com\/en\/wp-json\/wp\/v2\/comments?post=13716"}],"version-history":[{"count":9,"href":"https:\/\/www.sybercode.com\/en\/wp-json\/wp\/v2\/pages\/13716\/revisions"}],"predecessor-version":[{"id":15611,"href":"https:\/\/www.sybercode.com\/en\/wp-json\/wp\/v2\/pages\/13716\/revisions\/15611"}],"wp:attachment":[{"href":"https:\/\/www.sybercode.com\/en\/wp-json\/wp\/v2\/media?parent=13716"}],"curies":[{"name":"wp","href":"https:\/\/api.w.org\/{rel}","templated":true}]}}