{"id":13511,"date":"2020-09-21T07:00:15","date_gmt":"2020-09-21T07:00:15","guid":{"rendered":"https:\/\/www.sybercode.com\/?page_id=13511"},"modified":"2023-09-20T06:59:23","modified_gmt":"2023-09-20T06:59:23","slug":"hakkimizda","status":"publish","type":"page","link":"https:\/\/www.sybercode.com\/en\/hakkimizda\/","title":{"rendered":"About Us"},"content":{"rendered":"<p>&nbsp;<\/p>\n<p><img fetchpriority=\"high\" decoding=\"async\" class=\"size-medium wp-image-15558 aligncenter\" src=\"https:\/\/www.sybercode.com\/wp-content\/uploads\/2022\/07\/tuv-austria_sybercode_png-e1657182038956-300x269.png\" alt=\"\" width=\"300\" height=\"269\" srcset=\"https:\/\/www.sybercode.com\/wp-content\/uploads\/2022\/07\/tuv-austria_sybercode_png-e1657182038956-300x269.png 300w, https:\/\/www.sybercode.com\/wp-content\/uploads\/2022\/07\/tuv-austria_sybercode_png-e1657182038956-13x12.png 13w, https:\/\/www.sybercode.com\/wp-content\/uploads\/2022\/07\/tuv-austria_sybercode_png-e1657182038956.png 454w\" sizes=\"(max-width: 300px) 100vw, 300px\" \/><\/p>\n<p style=\"background: white; vertical-align: baseline; margin: 7.5pt 0cm 7.5pt 0cm;\">Be\u015finci y\u0131l\u0131n\u0131 kutlamak \u00fczere olan <strong>SyberCode<\/strong>, 1 Haziran 2022 itibariyle resmi olarak yeni unvan\u0131 <strong>T\u00dcV AUSTRIA SyberCode<\/strong> olarak <strong>T\u00dcV AUSTRIA Group<\/strong> i\u015ftiraki olmu\u015ftur.<br \/>\nKurulduktan \u00fc\u00e7 y\u0131l sonra globalle\u015fme ad\u0131mlar\u0131n\u0131 atan <strong>SyberCode<\/strong>, bu birle\u015fme ile T\u00dcV AUSTRIA Group \u00e7at\u0131s\u0131 alt\u0131nda daha da g\u00fc\u00e7lenerek T\u00fcrkiye, MENA ve Kafkasya b\u00f6lgelerinde Siber G\u00fcvenlik alan\u0131nda \u00dcr\u00fcn, Hizmet ve t\u00fcm katma de\u011ferli servisleri sunacak \u015fekilde b\u00fcy\u00fcmeye ve t\u00fcm b\u00f6lgenin ihtiya\u00e7lar\u0131na cevap vermek \u00fczere yeni hizmet ve servisler \u00fcretmeye devam edecektir.<\/p>","protected":false},"excerpt":{"rendered":"<p>&nbsp; Be\u015finci y\u0131l\u0131n\u0131 kutlamak \u00fczere olan SyberCode, 1 Haziran 2022 itibariyle resmi olarak yeni unvan\u0131 T\u00dcV AUSTRIA SyberCode olarak T\u00dcV AUSTRIA Group i\u015ftiraki olmu\u015ftur. Kurulduktan \u00fc\u00e7 y\u0131l sonra globalle\u015fme ad\u0131mlar\u0131n\u0131 atan SyberCode, bu birle\u015fme ile T\u00dcV AUSTRIA Group \u00e7at\u0131s\u0131 alt\u0131nda [&hellip;]<\/p>","protected":false},"author":1,"featured_media":0,"parent":0,"menu_order":0,"comment_status":"closed","ping_status":"closed","template":"","meta":[],"_links":{"self":[{"href":"https:\/\/www.sybercode.com\/en\/wp-json\/wp\/v2\/pages\/13511"}],"collection":[{"href":"https:\/\/www.sybercode.com\/en\/wp-json\/wp\/v2\/pages"}],"about":[{"href":"https:\/\/www.sybercode.com\/en\/wp-json\/wp\/v2\/types\/page"}],"author":[{"embeddable":true,"href":"https:\/\/www.sybercode.com\/en\/wp-json\/wp\/v2\/users\/1"}],"replies":[{"embeddable":true,"href":"https:\/\/www.sybercode.com\/en\/wp-json\/wp\/v2\/comments?post=13511"}],"version-history":[{"count":8,"href":"https:\/\/www.sybercode.com\/en\/wp-json\/wp\/v2\/pages\/13511\/revisions"}],"predecessor-version":[{"id":15577,"href":"https:\/\/www.sybercode.com\/en\/wp-json\/wp\/v2\/pages\/13511\/revisions\/15577"}],"wp:attachment":[{"href":"https:\/\/www.sybercode.com\/en\/wp-json\/wp\/v2\/media?parent=13511"}],"curies":[{"name":"wp","href":"https:\/\/api.w.org\/{rel}","templated":true}]}}