{"id":13476,"date":"2020-09-20T20:43:44","date_gmt":"2020-09-20T20:43:44","guid":{"rendered":"https:\/\/www.sybercode.com\/?page_id=13476"},"modified":"2023-07-04T17:34:02","modified_gmt":"2023-07-04T17:34:02","slug":"is-ortaklarimiz","status":"publish","type":"page","link":"https:\/\/www.sybercode.com\/en\/is-ortaklarimiz\/","title":{"rendered":"Partners"},"content":{"rendered":"<div data-elementor-type=\"wp-page\" data-elementor-id=\"13476\" class=\"elementor elementor-13476\" data-elementor-post-type=\"page\">\n\t\t\t\t\t\t\t\t\t<section class=\"elementor-section elementor-top-section elementor-element elementor-element-858cb64 elementor-section-full_width mkdf-row-grid-section elementor-section-height-default elementor-section-height-default mkdf-parallax-row-no mkdf-disabled-bg-image-bellow-no\" data-id=\"858cb64\" data-element_type=\"section\">\n\t\t\t\t\t\t<div class=\"elementor-container elementor-column-gap-default\">\n\t\t\t\t\t<div class=\"elementor-column elementor-col-100 elementor-top-column elementor-element elementor-element-db460aa\" data-id=\"db460aa\" data-element_type=\"column\">\n\t\t\t<div class=\"elementor-widget-wrap elementor-element-populated\">\n\t\t\t\t\t\t\t\t<div class=\"elementor-element elementor-element-33a4c8d elementor-widget elementor-widget-mkdf_elementor_section_title\" data-id=\"33a4c8d\" data-element_type=\"widget\" data-widget_type=\"mkdf_elementor_section_title.default\">\n\t\t\t\t<div class=\"elementor-widget-container\">\n\t\t\t<div class=\"mkdf-section-title-holder  mkdf-st-standard mkdf-st-title-left mkdf-st-normal-space\" >\n\t<div class=\"mkdf-st-inner\">\n\t\t\t\t\t<h1 class=\"mkdf-st-title\" style=\"color: #000000\">\n\t\t\t\t<span class=\"mkdf-st-title-bold\">Business<\/span> <span class=\"mkdf-st-title-bold\">Partners<\/span>\t\t\t<\/h1>\n\t\t\t\t\t\t\t<p class=\"mkdf-st-text\" style=\"color: #000000;font-size: 20px;line-height: 35px\">\n\t\t\t\tWe bring companies together with the best technologies with our strong business partners in our network.\t\t\t<\/p>\n\t\t\t<\/div>\n<\/div>\t\t<\/div>\n\t\t\t\t<\/div>\n\t\t\t\t<div class=\"elementor-element elementor-element-60f6fdb elementor-widget-divider--view-line elementor-widget elementor-widget-divider\" data-id=\"60f6fdb\" data-element_type=\"widget\" data-widget_type=\"divider.default\">\n\t\t\t\t<div class=\"elementor-widget-container\">\n\t\t\t\t\t<div class=\"elementor-divider\">\n\t\t\t<span class=\"elementor-divider-separator\">\n\t\t\t\t\t\t<\/span>\n\t\t<\/div>\n\t\t\t\t<\/div>\n\t\t\t\t<\/div>\n\t\t\t\t\t<\/div>\n\t\t<\/div>\n\t\t\t\t\t\t\t<\/div>\n\t\t<\/section>\n\t\t\t\t<section class=\"elementor-section elementor-top-section elementor-element elementor-element-2b2e0d8 elementor-section-boxed elementor-section-height-default elementor-section-height-default mkdf-parallax-row-no mkdf-row-grid-no mkdf-disabled-bg-image-bellow-no\" data-id=\"2b2e0d8\" data-element_type=\"section\">\n\t\t\t\t\t\t<div class=\"elementor-container elementor-column-gap-default\">\n\t\t\t\t\t<div class=\"elementor-column elementor-col-100 elementor-top-column elementor-element elementor-element-625c6cf\" data-id=\"625c6cf\" data-element_type=\"column\">\n\t\t\t<div class=\"elementor-widget-wrap elementor-element-populated\">\n\t\t\t\t\t\t\t\t<div class=\"elementor-element elementor-element-a517d44 elementor-widget elementor-widget-heading\" data-id=\"a517d44\" data-element_type=\"widget\" data-widget_type=\"heading.default\">\n\t\t\t\t<div class=\"elementor-widget-container\">\n\t\t\t<h3 class=\"elementor-heading-title elementor-size-default\">Solution Partners<\/h3>\t\t<\/div>\n\t\t\t\t<\/div>\n\t\t\t\t<div class=\"elementor-element elementor-element-879ff39 elementor-widget elementor-widget-mkdf_elementor_clients_grid\" data-id=\"879ff39\" data-element_type=\"widget\" data-widget_type=\"mkdf_elementor_clients_grid.default\">\n\t\t\t\t<div class=\"elementor-widget-container\">\n\t\t\t\t\t\n\t\t<div class=\"mkdf-clients-grid-holder mkdf-grid-list mkdf-disable-bottom-space mkdf-three-columns mkdf-normal-space  mkdf-cc-hover-switch-images\">\n\t\t\t<div class=\"mkdf-cg-inner mkdf-outer-space\">\n\t\t\t\t<div class=\"mkdf-cc-item mkdf-item-space mkdf-cci-has-link\">\n\t\t<a itemprop=\"url\" class=\"mkdf-cc-link mkdf-block-drag-link\" href=\"https:\/\/ozerlawandconsultancy.com\/\" target=\"_blank\">\n\t\t\t\t<div class=\"mkdf-cc-image-wrapper\">\n\t\t\t\t\t\t\t<img decoding=\"async\" itemprop=\"image\" class=\"mkdf-cc-image\" src=\"https:\/\/www.sybercode.com\/wp-content\/uploads\/2022\/01\/ozerlawandconsultancy-scaled.jpg\" alt=\"\" \/>\n\t\t\t\t\t\t\t\t\t\t<img decoding=\"async\" itemprop=\"image\" class=\"mkdf-cc-hover-image\" src=\"https:\/\/www.sybercode.com\/wp-content\/uploads\/2022\/01\/ozerlawandconsultancy-scaled.jpg\" alt=\"\" \/>\n\t\t\t\t\t<\/div>\n\t\t\t<\/a>\n<\/div>\t\t\t<\/div>\n\t\t<\/div>\n\t\t\n\t\t\t\t<\/div>\n\t\t\t\t<\/div>\n\t\t\t\t<div class=\"elementor-element elementor-element-a44f898 elementor-widget-divider--view-line elementor-widget elementor-widget-divider\" data-id=\"a44f898\" data-element_type=\"widget\" data-widget_type=\"divider.default\">\n\t\t\t\t<div class=\"elementor-widget-container\">\n\t\t\t\t\t<div class=\"elementor-divider\">\n\t\t\t<span class=\"elementor-divider-separator\">\n\t\t\t\t\t\t<\/span>\n\t\t<\/div>\n\t\t\t\t<\/div>\n\t\t\t\t<\/div>\n\t\t\t\t\t<\/div>\n\t\t<\/div>\n\t\t\t\t\t\t\t<\/div>\n\t\t<\/section>\n\t\t\t\t<section class=\"elementor-section elementor-top-section elementor-element elementor-element-9ed2407 elementor-section-boxed elementor-section-height-default elementor-section-height-default mkdf-parallax-row-no mkdf-row-grid-no mkdf-disabled-bg-image-bellow-no\" data-id=\"9ed2407\" data-element_type=\"section\">\n\t\t\t\t\t\t<div class=\"elementor-container elementor-column-gap-default\">\n\t\t\t\t\t<div class=\"elementor-column elementor-col-100 elementor-top-column elementor-element elementor-element-32bf04c\" data-id=\"32bf04c\" data-element_type=\"column\">\n\t\t\t<div class=\"elementor-widget-wrap elementor-element-populated\">\n\t\t\t\t\t\t\t\t<div class=\"elementor-element elementor-element-fdbe3af elementor-widget elementor-widget-heading\" data-id=\"fdbe3af\" data-element_type=\"widget\" data-widget_type=\"heading.default\">\n\t\t\t\t<div class=\"elementor-widget-container\">\n\t\t\t<h3 class=\"elementor-heading-title elementor-size-default\">Technology Partners<\/h3>\t\t<\/div>\n\t\t\t\t<\/div>\n\t\t\t\t<div class=\"elementor-element elementor-element-50d285f elementor-widget elementor-widget-mkdf_elementor_clients_grid\" data-id=\"50d285f\" data-element_type=\"widget\" data-widget_type=\"mkdf_elementor_clients_grid.default\">\n\t\t\t\t<div class=\"elementor-widget-container\">\n\t\t\t\t\t\n\t\t<div class=\"mkdf-clients-grid-holder mkdf-grid-list mkdf-disable-bottom-space mkdf-five-columns mkdf-normal-space  mkdf-cc-hover-switch-images\">\n\t\t\t<div class=\"mkdf-cg-inner mkdf-outer-space\">\n\t\t\t\t<div class=\"mkdf-cc-item mkdf-item-space mkdf-cci-has-link\">\n\t\t<a itemprop=\"url\" class=\"mkdf-cc-link mkdf-block-drag-link\" href=\"https:\/\/www.augurid.com\/\" target=\"_blank\">\n\t\t\t\t<div class=\"mkdf-cc-image-wrapper\">\n\t\t\t\t\t\t\t<img decoding=\"async\" itemprop=\"image\" class=\"mkdf-cc-image\" src=\"https:\/\/www.sybercode.com\/wp-content\/uploads\/2023\/05\/augurid2.jpg\" alt=\"\" \/>\n\t\t\t\t\t\t\t\t\t\t<img decoding=\"async\" itemprop=\"image\" class=\"mkdf-cc-hover-image\" src=\"https:\/\/www.sybercode.com\/wp-content\/uploads\/2023\/05\/augurid2.jpg\" alt=\"\" \/>\n\t\t\t\t\t<\/div>\n\t\t\t<\/a>\n<\/div><div class=\"mkdf-cc-item mkdf-item-space mkdf-cci-has-link\">\n\t\t<a itemprop=\"url\" class=\"mkdf-cc-link mkdf-block-drag-link\" href=\"https:\/\/www.ivanti.com\/company\/history\/pulse-secure\" target=\"_blank\">\n\t\t\t\t<div class=\"mkdf-cc-image-wrapper\">\n\t\t\t\t\t\t\t<img decoding=\"async\" itemprop=\"image\" class=\"mkdf-cc-image\" src=\"https:\/\/www.sybercode.com\/wp-content\/uploads\/2023\/05\/pulsecure2-.jpg\" alt=\"\" \/>\n\t\t\t\t\t\t\t\t\t\t<img decoding=\"async\" itemprop=\"image\" class=\"mkdf-cc-hover-image\" src=\"https:\/\/www.sybercode.com\/wp-content\/uploads\/2023\/05\/pulsecure2-.jpg\" alt=\"\" \/>\n\t\t\t\t\t<\/div>\n\t\t\t<\/a>\n<\/div><div class=\"mkdf-cc-item mkdf-item-space mkdf-cci-has-link\">\n\t\t<a itemprop=\"url\" class=\"mkdf-cc-link mkdf-block-drag-link\" href=\"https:\/\/www.trellix.com\/en-us\/index.html\" target=\"_blank\">\n\t\t\t\t<div class=\"mkdf-cc-image-wrapper\">\n\t\t\t\t\t\t\t<img decoding=\"async\" itemprop=\"image\" class=\"mkdf-cc-image\" src=\"https:\/\/www.sybercode.com\/wp-content\/uploads\/2022\/01\/trellix-scaled.jpg\" alt=\"\" \/>\n\t\t\t\t\t\t\t\t\t\t<img decoding=\"async\" itemprop=\"image\" class=\"mkdf-cc-hover-image\" src=\"https:\/\/www.sybercode.com\/wp-content\/uploads\/2022\/01\/trellix-scaled.jpg\" alt=\"\" \/>\n\t\t\t\t\t<\/div>\n\t\t\t<\/a>\n<\/div><div class=\"mkdf-cc-item mkdf-item-space mkdf-cci-has-link\">\n\t\t<a itemprop=\"url\" class=\"mkdf-cc-link mkdf-block-drag-link\" href=\"https:\/\/cpl.thalesgroup.com\/\" target=\"_blank\">\n\t\t\t\t<div class=\"mkdf-cc-image-wrapper\">\n\t\t\t\t\t\t\t<img decoding=\"async\" itemprop=\"image\" class=\"mkdf-cc-image\" src=\"https:\/\/www.sybercode.com\/wp-content\/uploads\/2023\/05\/thales2.jpg\" alt=\"\" \/>\n\t\t\t\t\t\t\t\t\t\t<img decoding=\"async\" itemprop=\"image\" class=\"mkdf-cc-hover-image\" src=\"https:\/\/www.sybercode.com\/wp-content\/uploads\/2023\/05\/thales2.jpg\" alt=\"\" \/>\n\t\t\t\t\t<\/div>\n\t\t\t<\/a>\n<\/div><div class=\"mkdf-cc-item mkdf-item-space mkdf-cci-has-link\">\n\t\t<a itemprop=\"url\" class=\"mkdf-cc-link mkdf-block-drag-link\" href=\"https:\/\/www.binalyze.com\/\" target=\"_blank\">\n\t\t\t\t<div class=\"mkdf-cc-image-wrapper\">\n\t\t\t\t\t\t\t<img decoding=\"async\" itemprop=\"image\" class=\"mkdf-cc-image\" src=\"https:\/\/www.sybercode.com\/wp-content\/uploads\/2023\/05\/binalyze2.jpg\" alt=\"\" \/>\n\t\t\t\t\t\t\t\t\t\t<img decoding=\"async\" itemprop=\"image\" class=\"mkdf-cc-hover-image\" src=\"https:\/\/www.sybercode.com\/wp-content\/uploads\/2023\/05\/binalyze2.jpg\" alt=\"\" \/>\n\t\t\t\t\t<\/div>\n\t\t\t<\/a>\n<\/div><div class=\"mkdf-cc-item mkdf-item-space mkdf-cci-has-link\">\n\t\t<a itemprop=\"url\" class=\"mkdf-cc-link mkdf-block-drag-link\" href=\"https:\/\/trapmine.com\/\" target=\"_blank\">\n\t\t\t\t<div class=\"mkdf-cc-image-wrapper\">\n\t\t\t\t\t\t\t<img decoding=\"async\" itemprop=\"image\" class=\"mkdf-cc-image\" src=\"https:\/\/www.sybercode.com\/wp-content\/uploads\/2023\/05\/trapmine2.jpg\" alt=\"\" \/>\n\t\t\t\t\t\t\t\t\t\t<img decoding=\"async\" itemprop=\"image\" class=\"mkdf-cc-hover-image\" src=\"https:\/\/www.sybercode.com\/wp-content\/uploads\/2023\/05\/trapmine2.jpg\" alt=\"\" \/>\n\t\t\t\t\t<\/div>\n\t\t\t<\/a>\n<\/div><div class=\"mkdf-cc-item mkdf-item-space mkdf-cci-has-link\">\n\t\t<a itemprop=\"url\" class=\"mkdf-cc-link mkdf-block-drag-link\" href=\"https:\/\/www.logsign.com\/\" target=\"_blank\">\n\t\t\t\t<div class=\"mkdf-cc-image-wrapper\">\n\t\t\t\t\t\t\t<img decoding=\"async\" itemprop=\"image\" class=\"mkdf-cc-image\" src=\"https:\/\/www.sybercode.com\/wp-content\/uploads\/2023\/05\/logsign2.jpg\" alt=\"\" \/>\n\t\t\t\t\t\t\t\t\t\t<img decoding=\"async\" itemprop=\"image\" class=\"mkdf-cc-hover-image\" src=\"https:\/\/www.sybercode.com\/wp-content\/uploads\/2023\/05\/logsign2.jpg\" alt=\"\" \/>\n\t\t\t\t\t<\/div>\n\t\t\t<\/a>\n<\/div><div class=\"mkdf-cc-item mkdf-item-space mkdf-cci-has-link\">\n\t\t<a itemprop=\"url\" class=\"mkdf-cc-link mkdf-block-drag-link\" href=\"https:\/\/www.barracuda.com\/\" target=\"_blank\">\n\t\t\t\t<div class=\"mkdf-cc-image-wrapper\">\n\t\t\t\t\t\t\t<img decoding=\"async\" itemprop=\"image\" class=\"mkdf-cc-image\" src=\"https:\/\/www.sybercode.com\/wp-content\/uploads\/2023\/05\/barracuda2.jpg\" alt=\"\" \/>\n\t\t\t\t\t\t\t\t\t\t<img decoding=\"async\" itemprop=\"image\" class=\"mkdf-cc-hover-image\" src=\"https:\/\/www.sybercode.com\/wp-content\/uploads\/2023\/05\/barracuda2.jpg\" alt=\"\" \/>\n\t\t\t\t\t<\/div>\n\t\t\t<\/a>\n<\/div><div class=\"mkdf-cc-item mkdf-item-space mkdf-cci-has-link\">\n\t\t<a itemprop=\"url\" class=\"mkdf-cc-link mkdf-block-drag-link\" href=\"https:\/\/www.fortinet.com\/\" target=\"_blank\">\n\t\t\t\t<div class=\"mkdf-cc-image-wrapper\">\n\t\t\t\t\t\t\t<img decoding=\"async\" itemprop=\"image\" class=\"mkdf-cc-image\" src=\"https:\/\/www.sybercode.com\/wp-content\/uploads\/2023\/05\/fortinet2.jpg\" alt=\"\" \/>\n\t\t\t\t\t\t\t\t\t\t<img decoding=\"async\" itemprop=\"image\" class=\"mkdf-cc-hover-image\" src=\"https:\/\/www.sybercode.com\/wp-content\/uploads\/2023\/05\/fortinet2.jpg\" alt=\"\" \/>\n\t\t\t\t\t<\/div>\n\t\t\t<\/a>\n<\/div><div class=\"mkdf-cc-item mkdf-item-space mkdf-cci-has-link\">\n\t\t<a itemprop=\"url\" class=\"mkdf-cc-link mkdf-block-drag-link\" href=\"https:\/\/www.picussecurity.com\/\" target=\"_blank\">\n\t\t\t\t<div class=\"mkdf-cc-image-wrapper\">\n\t\t\t\t\t\t\t<img decoding=\"async\" itemprop=\"image\" class=\"mkdf-cc-image\" src=\"https:\/\/www.sybercode.com\/wp-content\/uploads\/2021\/07\/picus_new1-scaled.jpg\" alt=\"\" \/>\n\t\t\t\t\t\t\t\t\t\t<img decoding=\"async\" itemprop=\"image\" class=\"mkdf-cc-hover-image\" src=\"https:\/\/www.sybercode.com\/wp-content\/uploads\/2021\/07\/picus_new1-scaled.jpg\" alt=\"\" \/>\n\t\t\t\t\t<\/div>\n\t\t\t<\/a>\n<\/div><div class=\"mkdf-cc-item mkdf-item-space mkdf-cci-has-link\">\n\t\t<a itemprop=\"url\" class=\"mkdf-cc-link mkdf-block-drag-link\" href=\"https:\/\/www.forcepoint.com\/\" target=\"_blank\">\n\t\t\t\t<div class=\"mkdf-cc-image-wrapper\">\n\t\t\t\t\t\t\t<img decoding=\"async\" itemprop=\"image\" class=\"mkdf-cc-image\" src=\"https:\/\/www.sybercode.com\/wp-content\/uploads\/2023\/05\/forcepoint2.jpg\" alt=\"\" \/>\n\t\t\t\t\t\t\t\t\t\t<img decoding=\"async\" itemprop=\"image\" class=\"mkdf-cc-hover-image\" src=\"https:\/\/www.sybercode.com\/wp-content\/uploads\/2023\/05\/forcepoint2.jpg\" alt=\"\" \/>\n\t\t\t\t\t<\/div>\n\t\t\t<\/a>\n<\/div><div class=\"mkdf-cc-item mkdf-item-space mkdf-cci-has-link\">\n\t\t<a itemprop=\"url\" class=\"mkdf-cc-link mkdf-block-drag-link\" href=\"https:\/\/www.boldonjames.com\/\" target=\"_blank\">\n\t\t\t\t<div class=\"mkdf-cc-image-wrapper\">\n\t\t\t\t\t\t\t<img decoding=\"async\" itemprop=\"image\" class=\"mkdf-cc-image\" src=\"https:\/\/www.sybercode.com\/wp-content\/uploads\/2023\/05\/fortraboldonjames2.jpg\" alt=\"\" \/>\n\t\t\t\t\t\t\t\t\t\t<img decoding=\"async\" itemprop=\"image\" class=\"mkdf-cc-hover-image\" src=\"https:\/\/www.sybercode.com\/wp-content\/uploads\/2023\/05\/fortraboldonjames2.jpg\" alt=\"\" \/>\n\t\t\t\t\t<\/div>\n\t\t\t<\/a>\n<\/div><div class=\"mkdf-cc-item mkdf-item-space mkdf-cci-has-link\">\n\t\t<a itemprop=\"url\" class=\"mkdf-cc-link mkdf-block-drag-link\" href=\"https:\/\/portswigger.net\/burp\" target=\"_blank\">\n\t\t\t\t<div class=\"mkdf-cc-image-wrapper\">\n\t\t\t\t\t\t\t<img decoding=\"async\" itemprop=\"image\" class=\"mkdf-cc-image\" src=\"https:\/\/www.sybercode.com\/wp-content\/uploads\/2021\/02\/burpsuite-scaled.jpg\" alt=\"\" \/>\n\t\t\t\t\t\t\t\t\t\t<img decoding=\"async\" itemprop=\"image\" class=\"mkdf-cc-hover-image\" src=\"https:\/\/www.sybercode.com\/wp-content\/uploads\/2021\/02\/burpsuite-scaled.jpg\" alt=\"\" \/>\n\t\t\t\t\t<\/div>\n\t\t\t<\/a>\n<\/div><div class=\"mkdf-cc-item mkdf-item-space mkdf-cci-has-link\">\n\t\t<a itemprop=\"url\" class=\"mkdf-cc-link mkdf-block-drag-link\" href=\"https:\/\/www.sophos.com\/en-us\" target=\"_blank\">\n\t\t\t\t<div class=\"mkdf-cc-image-wrapper\">\n\t\t\t\t\t\t\t<img decoding=\"async\" itemprop=\"image\" class=\"mkdf-cc-image\" src=\"https:\/\/www.sybercode.com\/wp-content\/uploads\/2021\/06\/sophos-scaled.jpg\" alt=\"\" \/>\n\t\t\t\t\t\t\t\t\t\t<img decoding=\"async\" itemprop=\"image\" class=\"mkdf-cc-hover-image\" src=\"https:\/\/www.sybercode.com\/wp-content\/uploads\/2021\/06\/sophos-scaled.jpg\" alt=\"\" \/>\n\t\t\t\t\t<\/div>\n\t\t\t<\/a>\n<\/div><div class=\"mkdf-cc-item mkdf-item-space mkdf-cci-has-link\">\n\t\t<a itemprop=\"url\" class=\"mkdf-cc-link mkdf-block-drag-link\" href=\"https:\/\/www.tenable.com\/\" target=\"_blank\">\n\t\t\t\t<div class=\"mkdf-cc-image-wrapper\">\n\t\t\t\t\t\t\t<img decoding=\"async\" itemprop=\"image\" class=\"mkdf-cc-image\" src=\"https:\/\/www.sybercode.com\/wp-content\/uploads\/2021\/06\/tenable-scaled.jpg\" alt=\"\" \/>\n\t\t\t\t\t\t\t\t\t\t<img decoding=\"async\" itemprop=\"image\" class=\"mkdf-cc-hover-image\" src=\"https:\/\/www.sybercode.com\/wp-content\/uploads\/2021\/06\/tenable-scaled.jpg\" alt=\"\" \/>\n\t\t\t\t\t<\/div>\n\t\t\t<\/a>\n<\/div><div class=\"mkdf-cc-item mkdf-item-space mkdf-cci-has-link\">\n\t\t<a itemprop=\"url\" class=\"mkdf-cc-link mkdf-block-drag-link\" href=\"https:\/\/www.netsparker.com.tr\/\" target=\"_blank\">\n\t\t\t\t<div class=\"mkdf-cc-image-wrapper\">\n\t\t\t\t\t\t\t<img decoding=\"async\" itemprop=\"image\" class=\"mkdf-cc-image\" src=\"https:\/\/www.sybercode.com\/wp-content\/uploads\/2021\/06\/netsparker-scaled.jpg\" alt=\"\" \/>\n\t\t\t\t\t\t\t\t\t\t<img decoding=\"async\" itemprop=\"image\" class=\"mkdf-cc-hover-image\" src=\"https:\/\/www.sybercode.com\/wp-content\/uploads\/2021\/06\/netsparker-scaled.jpg\" alt=\"\" \/>\n\t\t\t\t\t<\/div>\n\t\t\t<\/a>\n<\/div><div class=\"mkdf-cc-item mkdf-item-space mkdf-cci-has-link\">\n\t\t<a itemprop=\"url\" class=\"mkdf-cc-link mkdf-block-drag-link\" href=\"https:\/\/www.fileorbis.com\/\" target=\"_blank\">\n\t\t\t\t<div class=\"mkdf-cc-image-wrapper\">\n\t\t\t\t\t\t\t<img decoding=\"async\" itemprop=\"image\" class=\"mkdf-cc-image\" src=\"https:\/\/www.sybercode.com\/wp-content\/uploads\/2021\/06\/fileorbis-scaled.jpg\" alt=\"\" \/>\n\t\t\t\t\t\t\t\t\t\t<img decoding=\"async\" itemprop=\"image\" class=\"mkdf-cc-hover-image\" src=\"https:\/\/www.sybercode.com\/wp-content\/uploads\/2021\/06\/fileorbis-scaled.jpg\" alt=\"\" \/>\n\t\t\t\t\t<\/div>\n\t\t\t<\/a>\n<\/div><div class=\"mkdf-cc-item mkdf-item-space mkdf-cci-has-link\">\n\t\t<a itemprop=\"url\" class=\"mkdf-cc-link mkdf-block-drag-link\" href=\"https:\/\/www.manageengine.com\/\" target=\"_blank\">\n\t\t\t\t<div class=\"mkdf-cc-image-wrapper\">\n\t\t\t\t\t\t\t<img decoding=\"async\" itemprop=\"image\" class=\"mkdf-cc-image\" src=\"https:\/\/www.sybercode.com\/wp-content\/uploads\/2021\/06\/manageengine-scaled.jpg\" alt=\"\" \/>\n\t\t\t\t\t\t\t\t\t\t<img decoding=\"async\" itemprop=\"image\" class=\"mkdf-cc-hover-image\" src=\"https:\/\/www.sybercode.com\/wp-content\/uploads\/2021\/06\/manageengine-scaled.jpg\" alt=\"\" \/>\n\t\t\t\t\t<\/div>\n\t\t\t<\/a>\n<\/div><div class=\"mkdf-cc-item mkdf-item-space mkdf-cci-has-link\">\n\t\t<a itemprop=\"url\" class=\"mkdf-cc-link mkdf-block-drag-link\" href=\"https:\/\/www.acronis.com\/tr-tr\/\" target=\"_blank\">\n\t\t\t\t<div class=\"mkdf-cc-image-wrapper\">\n\t\t\t\t\t\t\t<img decoding=\"async\" itemprop=\"image\" class=\"mkdf-cc-image\" src=\"https:\/\/www.sybercode.com\/wp-content\/uploads\/2021\/09\/Acronis_logo.png\" alt=\"\" \/>\n\t\t\t\t\t\t\t\t\t\t<img decoding=\"async\" itemprop=\"image\" class=\"mkdf-cc-hover-image\" src=\"https:\/\/www.sybercode.com\/wp-content\/uploads\/2021\/09\/Acronis_logo.png\" alt=\"\" \/>\n\t\t\t\t\t<\/div>\n\t\t\t<\/a>\n<\/div><div class=\"mkdf-cc-item mkdf-item-space mkdf-cci-has-link\">\n\t\t<a itemprop=\"url\" class=\"mkdf-cc-link mkdf-block-drag-link\" href=\"https:\/\/www.crowdstrike.com\/\" target=\"_blank\">\n\t\t\t\t<div class=\"mkdf-cc-image-wrapper\">\n\t\t\t\t\t\t\t<img decoding=\"async\" itemprop=\"image\" class=\"mkdf-cc-image\" src=\"https:\/\/www.sybercode.com\/wp-content\/uploads\/2021\/09\/crowdstrike.png\" alt=\"\" \/>\n\t\t\t\t\t\t\t\t\t\t<img decoding=\"async\" itemprop=\"image\" class=\"mkdf-cc-hover-image\" src=\"https:\/\/www.sybercode.com\/wp-content\/uploads\/2021\/09\/crowdstrike.png\" alt=\"\" \/>\n\t\t\t\t\t<\/div>\n\t\t\t<\/a>\n<\/div><div class=\"mkdf-cc-item mkdf-item-space mkdf-cci-has-link\">\n\t\t<a itemprop=\"url\" class=\"mkdf-cc-link mkdf-block-drag-link\" href=\"https:\/\/www.ivanti.com\/\" target=\"_blank\">\n\t\t\t\t<div class=\"mkdf-cc-image-wrapper\">\n\t\t\t\t\t\t\t<img decoding=\"async\" itemprop=\"image\" class=\"mkdf-cc-image\" src=\"https:\/\/www.sybercode.com\/wp-content\/uploads\/2022\/03\/ivanti-w-scaled.jpg\" alt=\"\" \/>\n\t\t\t\t\t\t\t\t\t\t<img decoding=\"async\" itemprop=\"image\" class=\"mkdf-cc-hover-image\" src=\"https:\/\/www.sybercode.com\/wp-content\/uploads\/2022\/03\/ivanti-w-scaled.jpg\" alt=\"\" \/>\n\t\t\t\t\t<\/div>\n\t\t\t<\/a>\n<\/div><div class=\"mkdf-cc-item mkdf-item-space mkdf-cci-no-link\">\n\t\t\t<div class=\"mkdf-cc-image-wrapper\">\n\t\t\t\t\t\t\t<img decoding=\"async\" itemprop=\"image\" class=\"mkdf-cc-image\" src=\"https:\/\/www.sybercode.com\/wp-content\/uploads\/2022\/03\/quest-w-scaled.jpg\" alt=\"\" \/>\n\t\t\t\t\t\t\t\t\t\t<img decoding=\"async\" itemprop=\"image\" class=\"mkdf-cc-hover-image\" src=\"https:\/\/www.sybercode.com\/wp-content\/uploads\/2022\/03\/quest-w-scaled.jpg\" alt=\"\" \/>\n\t\t\t\t\t<\/div>\n\t\t<\/div><div class=\"mkdf-cc-item mkdf-item-space mkdf-cci-has-link\">\n\t\t<a itemprop=\"url\" class=\"mkdf-cc-link mkdf-block-drag-link\" href=\"https:\/\/www.immuniweb.com\/\" target=\"_blank\">\n\t\t\t\t<div class=\"mkdf-cc-image-wrapper\">\n\t\t\t\t\t\t\t<img decoding=\"async\" itemprop=\"image\" class=\"mkdf-cc-image\" src=\"https:\/\/www.sybercode.com\/wp-content\/uploads\/2023\/05\/immuniweb2.jpg\" alt=\"\" \/>\n\t\t\t\t\t\t\t\t\t\t<img decoding=\"async\" itemprop=\"image\" class=\"mkdf-cc-hover-image\" src=\"https:\/\/www.sybercode.com\/wp-content\/uploads\/2023\/05\/immuniweb2.jpg\" alt=\"\" \/>\n\t\t\t\t\t<\/div>\n\t\t\t<\/a>\n<\/div><div class=\"mkdf-cc-item mkdf-item-space mkdf-cci-has-link\">\n\t\t<a itemprop=\"url\" class=\"mkdf-cc-link mkdf-block-drag-link\" href=\"https:\/\/www.pcichecklist.com\/\" target=\"_blank\">\n\t\t\t\t<div class=\"mkdf-cc-image-wrapper\">\n\t\t\t\t\t\t\t<img decoding=\"async\" itemprop=\"image\" class=\"mkdf-cc-image\" src=\"https:\/\/www.sybercode.com\/wp-content\/uploads\/2023\/05\/pcichecklist2.jpg\" alt=\"\" \/>\n\t\t\t\t\t\t\t\t\t\t<img decoding=\"async\" itemprop=\"image\" class=\"mkdf-cc-hover-image\" src=\"https:\/\/www.sybercode.com\/wp-content\/uploads\/2023\/05\/pcichecklist2.jpg\" alt=\"\" \/>\n\t\t\t\t\t<\/div>\n\t\t\t<\/a>\n<\/div><div class=\"mkdf-cc-item mkdf-item-space mkdf-cci-has-link\">\n\t\t<a itemprop=\"url\" class=\"mkdf-cc-link mkdf-block-drag-link\" href=\"https:\/\/www.proofpoint.com\/us\" target=\"_blank\">\n\t\t\t\t<div class=\"mkdf-cc-image-wrapper\">\n\t\t\t\t\t\t\t<img decoding=\"async\" itemprop=\"image\" class=\"mkdf-cc-image\" src=\"https:\/\/www.sybercode.com\/wp-content\/uploads\/2023\/05\/proofpoint2.jpg\" alt=\"\" \/>\n\t\t\t\t\t\t\t\t\t\t<img decoding=\"async\" itemprop=\"image\" class=\"mkdf-cc-hover-image\" src=\"https:\/\/www.sybercode.com\/wp-content\/uploads\/2023\/05\/proofpoint2.jpg\" alt=\"\" \/>\n\t\t\t\t\t<\/div>\n\t\t\t<\/a>\n<\/div><div class=\"mkdf-cc-item mkdf-item-space mkdf-cci-has-link\">\n\t\t<a itemprop=\"url\" class=\"mkdf-cc-link mkdf-block-drag-link\" href=\"https:\/\/www.trendmicro.com\/en_us\/business.html\" target=\"_blank\">\n\t\t\t\t<div class=\"mkdf-cc-image-wrapper\">\n\t\t\t\t\t\t\t<img decoding=\"async\" itemprop=\"image\" class=\"mkdf-cc-image\" src=\"https:\/\/www.sybercode.com\/wp-content\/uploads\/2023\/05\/trendmicro2.jpg\" alt=\"\" \/>\n\t\t\t\t\t\t\t\t\t\t<img decoding=\"async\" itemprop=\"image\" class=\"mkdf-cc-hover-image\" src=\"https:\/\/www.sybercode.com\/wp-content\/uploads\/2023\/05\/trendmicro2.jpg\" alt=\"\" \/>\n\t\t\t\t\t<\/div>\n\t\t\t<\/a>\n<\/div><div class=\"mkdf-cc-item mkdf-item-space mkdf-cci-has-link\">\n\t\t<a itemprop=\"url\" class=\"mkdf-cc-link mkdf-block-drag-link\" href=\"https:\/\/www.rapid7.com\/\" target=\"_blank\">\n\t\t\t\t<div class=\"mkdf-cc-image-wrapper\">\n\t\t\t\t\t\t\t<img decoding=\"async\" itemprop=\"image\" class=\"mkdf-cc-image\" src=\"https:\/\/www.sybercode.com\/wp-content\/uploads\/2023\/05\/rapid72.jpg\" alt=\"\" \/>\n\t\t\t\t\t\t\t\t\t\t<img decoding=\"async\" itemprop=\"image\" class=\"mkdf-cc-hover-image\" src=\"https:\/\/www.sybercode.com\/wp-content\/uploads\/2023\/05\/rapid72.jpg\" alt=\"\" \/>\n\t\t\t\t\t<\/div>\n\t\t\t<\/a>\n<\/div><div class=\"mkdf-cc-item mkdf-item-space mkdf-cci-has-link\">\n\t\t<a itemprop=\"url\" class=\"mkdf-cc-link mkdf-block-drag-link\" href=\"https:\/\/www.fixcloud.com.tr\/\" target=\"_blank\">\n\t\t\t\t<div class=\"mkdf-cc-image-wrapper\">\n\t\t\t\t\t\t\t<img decoding=\"async\" itemprop=\"image\" class=\"mkdf-cc-image\" src=\"https:\/\/www.sybercode.com\/wp-content\/uploads\/2023\/05\/fixcloud2.jpg\" alt=\"\" \/>\n\t\t\t\t\t\t\t\t\t\t<img decoding=\"async\" itemprop=\"image\" class=\"mkdf-cc-hover-image\" src=\"https:\/\/www.sybercode.com\/wp-content\/uploads\/2023\/05\/fixcloud2.jpg\" alt=\"\" \/>\n\t\t\t\t\t<\/div>\n\t\t\t<\/a>\n<\/div><div class=\"mkdf-cc-item mkdf-item-space mkdf-cci-has-link\">\n\t\t<a itemprop=\"url\" class=\"mkdf-cc-link mkdf-block-drag-link\" href=\"https:\/\/delinea.com\/\" target=\"_blank\">\n\t\t\t\t<div class=\"mkdf-cc-image-wrapper\">\n\t\t\t\t\t\t\t<img decoding=\"async\" itemprop=\"image\" class=\"mkdf-cc-image\" src=\"https:\/\/www.sybercode.com\/wp-content\/uploads\/2023\/05\/delinea2.jpg\" alt=\"\" \/>\n\t\t\t\t\t\t\t\t\t\t<img decoding=\"async\" itemprop=\"image\" class=\"mkdf-cc-hover-image\" src=\"https:\/\/www.sybercode.com\/wp-content\/uploads\/2023\/05\/delinea2.jpg\" alt=\"\" \/>\n\t\t\t\t\t<\/div>\n\t\t\t<\/a>\n<\/div>\t\t\t<\/div>\n\t\t<\/div>\n\t\t\n\t\t\t\t<\/div>\n\t\t\t\t<\/div>\n\t\t\t\t\t<\/div>\n\t\t<\/div>\n\t\t\t\t\t\t\t<\/div>\n\t\t<\/section>\n\t\t\t\t\t\t\t<\/div>","protected":false},"excerpt":{"rendered":"<p>\u0130\u015f Ortaklar\u0131m\u0131z A\u011f\u0131m\u0131zdaki g\u00fc\u00e7l\u00fc i\u015f ortaklar\u0131m\u0131z ile firmalar\u0131 en iyi teknolojilerle bulu\u015fturuyoruz. \u00c7\u00f6z\u00fcm Ortaklar\u0131m\u0131z Teknoloji Ortaklar\u0131m\u0131z<\/p>","protected":false},"author":1,"featured_media":0,"parent":0,"menu_order":0,"comment_status":"closed","ping_status":"closed","template":"elementor_header_footer","meta":[],"_links":{"self":[{"href":"https:\/\/www.sybercode.com\/en\/wp-json\/wp\/v2\/pages\/13476"}],"collection":[{"href":"https:\/\/www.sybercode.com\/en\/wp-json\/wp\/v2\/pages"}],"about":[{"href":"https:\/\/www.sybercode.com\/en\/wp-json\/wp\/v2\/types\/page"}],"author":[{"embeddable":true,"href":"https:\/\/www.sybercode.com\/en\/wp-json\/wp\/v2\/users\/1"}],"replies":[{"embeddable":true,"href":"https:\/\/www.sybercode.com\/en\/wp-json\/wp\/v2\/comments?post=13476"}],"version-history":[{"count":157,"href":"https:\/\/www.sybercode.com\/en\/wp-json\/wp\/v2\/pages\/13476\/revisions"}],"predecessor-version":[{"id":16247,"href":"https:\/\/www.sybercode.com\/en\/wp-json\/wp\/v2\/pages\/13476\/revisions\/16247"}],"wp:attachment":[{"href":"https:\/\/www.sybercode.com\/en\/wp-json\/wp\/v2\/media?parent=13476"}],"curies":[{"name":"wp","href":"https:\/\/api.w.org\/{rel}","templated":true}]}}