{"id":13468,"date":"2020-09-20T20:40:14","date_gmt":"2020-09-20T20:40:14","guid":{"rendered":"https:\/\/www.sybercode.com\/?page_id=13468"},"modified":"2021-09-01T13:15:19","modified_gmt":"2021-09-01T13:15:19","slug":"pam","status":"publish","type":"page","link":"https:\/\/www.sybercode.com\/en\/pam\/","title":{"rendered":"PAM"},"content":{"rendered":"<p><strong>PAM<\/strong><\/p>\n<div class=\"service_details-desc\">\n<p class=\"paragraph\">What privileged accounts are and where they provide access is one of the most important issues for organizations. It is important for the organization to manage privileged accounts because of what they can do with their authority.<\/p>\n<p class=\"paragraph\">PAM provides organizations with the management of privileged access to the organization's key resources. Prevents data breaches and attacks on privileged accounts<\/p>\n<p class=\"paragraph\"><img decoding=\"async\" class=\"initial loaded\" src=\"http:\/\/mopp.website\/sybercode\/upload\/image\/11495krontech.jpg\" alt=\"\" data-was-processed=\"true\" \/>.<\/p>\n<\/div>","protected":false},"excerpt":{"rendered":"<p>PAM Ayr\u0131cal\u0131kl\u0131 hesaplar\u0131n ne oldu\u011fu ve nerelere eri\u015fim sa\u011flad\u0131\u011f\u0131 kurulu\u015flar i\u00e7in \u00f6nemli konular\u0131n ba\u015f\u0131nda gelir. Ayr\u0131cal\u0131kl\u0131 hesaplar\u0131n yetkileriyle yapabileceklerinden dolay\u0131 y\u00f6netilmesi kurulu\u015f taraf\u0131ndan \u00f6nem arzetmektedir. PAM kurulu\u015flara kurumun \u00f6nemli kaynaklar\u0131na olan ayr\u0131cal\u0131kl\u0131 eri\u015fimin y\u00f6netimini sa\u011flar. Ayr\u0131cal\u0131kl\u0131 hesaplar \u00fczerinden yap\u0131lacak veri [&hellip;]<\/p>","protected":false},"author":1,"featured_media":0,"parent":0,"menu_order":0,"comment_status":"closed","ping_status":"closed","template":"","meta":[],"_links":{"self":[{"href":"https:\/\/www.sybercode.com\/en\/wp-json\/wp\/v2\/pages\/13468"}],"collection":[{"href":"https:\/\/www.sybercode.com\/en\/wp-json\/wp\/v2\/pages"}],"about":[{"href":"https:\/\/www.sybercode.com\/en\/wp-json\/wp\/v2\/types\/page"}],"author":[{"embeddable":true,"href":"https:\/\/www.sybercode.com\/en\/wp-json\/wp\/v2\/users\/1"}],"replies":[{"embeddable":true,"href":"https:\/\/www.sybercode.com\/en\/wp-json\/wp\/v2\/comments?post=13468"}],"version-history":[{"count":2,"href":"https:\/\/www.sybercode.com\/en\/wp-json\/wp\/v2\/pages\/13468\/revisions"}],"predecessor-version":[{"id":14243,"href":"https:\/\/www.sybercode.com\/en\/wp-json\/wp\/v2\/pages\/13468\/revisions\/14243"}],"wp:attachment":[{"href":"https:\/\/www.sybercode.com\/en\/wp-json\/wp\/v2\/media?parent=13468"}],"curies":[{"name":"wp","href":"https:\/\/api.w.org\/{rel}","templated":true}]}}