{"id":13464,"date":"2020-09-20T20:38:06","date_gmt":"2020-09-20T20:38:06","guid":{"rendered":"https:\/\/www.sybercode.com\/?page_id=13464"},"modified":"2021-09-01T13:13:18","modified_gmt":"2021-09-01T13:13:18","slug":"edr","status":"publish","type":"page","link":"https:\/\/www.sybercode.com\/en\/edr\/","title":{"rendered":"EDR"},"content":{"rendered":"<p>EDR<\/p>\n<div class=\"service_details-desc\">\n<p>We need EDR solutions due to the inadequacy of the currently used antivirus systems and the increasing number of advanced attacks. EDR solutions not only provide us with protection against advanced threats, but also provide the necessary information for legal processes.<\/p>\n<p><img decoding=\"async\" class=\"initial loaded\" src=\"http:\/\/mopp.website\/sybercode\/upload\/image\/90713trapmine.jpg\" alt=\"\" data-was-processed=\"true\" \/><\/p>\n<\/div>","protected":false},"excerpt":{"rendered":"<p>EDR Mevcutta kullan\u0131lan antivir\u00fcs sistemlerinin yetersizli\u011finden ve geli\u015fmi\u015f ataklar\u0131n giderek artmas\u0131ndan dolay\u0131 EDR \u00e7\u00f6z\u00fcmlerine ihtiya\u00e7 duymaktay\u0131z. EDR \u00e7\u00f6z\u00fcmleri bize geli\u015fmi\u015f tehtidlere kar\u015f\u0131 koruma sa\u011flad\u0131\u011f\u0131 gibi, adli s\u00fcre\u00e7ler i\u00e7in gerekli olan\u00a0bilgiyide\u00a0sunmaktad\u0131r.<\/p>","protected":false},"author":1,"featured_media":0,"parent":0,"menu_order":0,"comment_status":"closed","ping_status":"closed","template":"","meta":[],"_links":{"self":[{"href":"https:\/\/www.sybercode.com\/en\/wp-json\/wp\/v2\/pages\/13464"}],"collection":[{"href":"https:\/\/www.sybercode.com\/en\/wp-json\/wp\/v2\/pages"}],"about":[{"href":"https:\/\/www.sybercode.com\/en\/wp-json\/wp\/v2\/types\/page"}],"author":[{"embeddable":true,"href":"https:\/\/www.sybercode.com\/en\/wp-json\/wp\/v2\/users\/1"}],"replies":[{"embeddable":true,"href":"https:\/\/www.sybercode.com\/en\/wp-json\/wp\/v2\/comments?post=13464"}],"version-history":[{"count":2,"href":"https:\/\/www.sybercode.com\/en\/wp-json\/wp\/v2\/pages\/13464\/revisions"}],"predecessor-version":[{"id":14229,"href":"https:\/\/www.sybercode.com\/en\/wp-json\/wp\/v2\/pages\/13464\/revisions\/14229"}],"wp:attachment":[{"href":"https:\/\/www.sybercode.com\/en\/wp-json\/wp\/v2\/media?parent=13464"}],"curies":[{"name":"wp","href":"https:\/\/api.w.org\/{rel}","templated":true}]}}