{"id":13454,"date":"2020-09-20T20:33:14","date_gmt":"2020-09-20T20:33:14","guid":{"rendered":"https:\/\/www.sybercode.com\/?page_id=13454"},"modified":"2021-09-01T13:15:34","modified_gmt":"2021-09-01T13:15:34","slug":"siem","status":"publish","type":"page","link":"https:\/\/www.sybercode.com\/en\/siem\/","title":{"rendered":"SIEM"},"content":{"rendered":"<p>SIEM<\/p>\n<div class=\"service_details-desc\">\n<p>SIEM products benefit organizations in terms of log management, visibility and better understanding of network infrastructure. In addition, the most important feature of SIEM products is high-level correlation capabilities and threat analysis.<\/p>\n<p>SIEM solutions help companies with regulations such as KVKK and PCI DSS.<\/p>\n<p><img decoding=\"async\" class=\"initial loaded\" src=\"http:\/\/mopp.website\/sybercode\/upload\/image\/99750logsing.jpg\" alt=\"\" data-was-processed=\"true\" \/><\/p>\n<\/div>","protected":false},"excerpt":{"rendered":"<p>SIEM SIEM \u00fcr\u00fcnleri\u00a0log y\u00f6netimi, g\u00f6r\u00fcn\u00fcrl\u00fck, a\u011f altyap\u0131s\u0131n\u0131 daha iyi anlama noktas\u0131nda kurumlara fayda sa\u011flar. Ayr\u0131ca SIEM \u00fcr\u00fcnlerinin en \u00f6nemli \u00f6zelli\u011fi y\u00fcksek seviyeli korelasyon yetenekleri ve tehdit analizidir. SIEM \u00e7\u00f6z\u00fcmleri KVKK, PCI DSS gibi reg\u00fclasyonlar uyumluluklar konusunda kurumlara yard\u0131mc\u0131 olur.<\/p>","protected":false},"author":1,"featured_media":0,"parent":0,"menu_order":0,"comment_status":"closed","ping_status":"closed","template":"","meta":[],"_links":{"self":[{"href":"https:\/\/www.sybercode.com\/en\/wp-json\/wp\/v2\/pages\/13454"}],"collection":[{"href":"https:\/\/www.sybercode.com\/en\/wp-json\/wp\/v2\/pages"}],"about":[{"href":"https:\/\/www.sybercode.com\/en\/wp-json\/wp\/v2\/types\/page"}],"author":[{"embeddable":true,"href":"https:\/\/www.sybercode.com\/en\/wp-json\/wp\/v2\/users\/1"}],"replies":[{"embeddable":true,"href":"https:\/\/www.sybercode.com\/en\/wp-json\/wp\/v2\/comments?post=13454"}],"version-history":[{"count":2,"href":"https:\/\/www.sybercode.com\/en\/wp-json\/wp\/v2\/pages\/13454\/revisions"}],"predecessor-version":[{"id":14245,"href":"https:\/\/www.sybercode.com\/en\/wp-json\/wp\/v2\/pages\/13454\/revisions\/14245"}],"wp:attachment":[{"href":"https:\/\/www.sybercode.com\/en\/wp-json\/wp\/v2\/media?parent=13454"}],"curies":[{"name":"wp","href":"https:\/\/api.w.org\/{rel}","templated":true}]}}