{"id":13444,"date":"2020-09-20T20:31:14","date_gmt":"2020-09-20T20:31:14","guid":{"rendered":"https:\/\/www.sybercode.com\/?page_id=13444"},"modified":"2021-09-01T13:13:48","modified_gmt":"2021-09-01T13:13:48","slug":"guvenli-dosya-paylasimi","status":"publish","type":"page","link":"https:\/\/www.sybercode.com\/en\/guvenli-dosya-paylasimi\/","title":{"rendered":"Secure File Sharing"},"content":{"rendered":"<p>Secure File Sharing<\/p>\n<div class=\"service_details-desc\">\n<p>The excessive use of files and the increasing access and sharing demands of these files have increased the necessity of file management platforms. Secure file sharing products are needed to secure file sharing within the company and with business partners.<\/p>\n<\/div>","protected":false},"excerpt":{"rendered":"<p>G\u00fcvenli Dosya Payla\u015f\u0131m\u0131 Dosyalar\u0131n \u00e7ok fazla kullan\u0131lmas\u0131 ve bu dosyalara olan artan eri\u015fim ve payla\u015f\u0131m talepleri dosya y\u00f6netim platformlar\u0131n\u0131n gereklili\u011fi artt\u0131rm\u0131\u015ft\u0131r. \u015eirket i\u00e7inde ve i\u015f ortaklar\u0131yla yap\u0131lan dosya payla\u015f\u0131mlar\u0131n\u0131n g\u00fcvenli hale gelmesi i\u00e7in g\u00fcvenli dosya payla\u015f\u0131m \u00fcr\u00fcnlerine ihtiya\u00e7 vard\u0131r.<\/p>","protected":false},"author":1,"featured_media":0,"parent":0,"menu_order":0,"comment_status":"closed","ping_status":"closed","template":"","meta":[],"_links":{"self":[{"href":"https:\/\/www.sybercode.com\/en\/wp-json\/wp\/v2\/pages\/13444"}],"collection":[{"href":"https:\/\/www.sybercode.com\/en\/wp-json\/wp\/v2\/pages"}],"about":[{"href":"https:\/\/www.sybercode.com\/en\/wp-json\/wp\/v2\/types\/page"}],"author":[{"embeddable":true,"href":"https:\/\/www.sybercode.com\/en\/wp-json\/wp\/v2\/users\/1"}],"replies":[{"embeddable":true,"href":"https:\/\/www.sybercode.com\/en\/wp-json\/wp\/v2\/comments?post=13444"}],"version-history":[{"count":2,"href":"https:\/\/www.sybercode.com\/en\/wp-json\/wp\/v2\/pages\/13444\/revisions"}],"predecessor-version":[{"id":14232,"href":"https:\/\/www.sybercode.com\/en\/wp-json\/wp\/v2\/pages\/13444\/revisions\/14232"}],"wp:attachment":[{"href":"https:\/\/www.sybercode.com\/en\/wp-json\/wp\/v2\/media?parent=13444"}],"curies":[{"name":"wp","href":"https:\/\/api.w.org\/{rel}","templated":true}]}}