{"id":13439,"date":"2020-09-20T20:29:29","date_gmt":"2020-09-20T20:29:29","guid":{"rendered":"https:\/\/www.sybercode.com\/?page_id=13439"},"modified":"2021-09-01T13:13:09","modified_gmt":"2021-09-01T13:13:09","slug":"dlp","status":"publish","type":"page","link":"https:\/\/www.sybercode.com\/en\/dlp\/","title":{"rendered":"DLP"},"content":{"rendered":"<p><strong>DLP (Data Loss Prevention)<\/strong><\/p>\n<div class=\"service_details-desc\">\n<p class=\"paragraph\">We use DLP (Data Loss Prevention) solutions to prevent your sensitive data from leaving the company consciously or unconsciously. With the data leak prevention solution, you ensure that your critical and personal data is safely transported within the company. You can also benefit from Data Leakage Prevention solutions for regulations.<\/p>\n<\/div>","protected":false},"excerpt":{"rendered":"<p>DLP ( Veri S\u0131z\u0131nt\u0131s\u0131 \u00d6nleme ) Hassas verilerinizin \u015firket d\u0131\u015f\u0131na bilin\u00e7li ya da bilin\u00e7siz \u00e7\u0131kmas\u0131n\u0131 engelemek i\u00e7in DLP ( Veri S\u0131z\u0131nt\u0131s\u0131 \u00d6nleme ) \u00e7\u00f6z\u00fcmlerini kullan\u0131r\u0131z. Veri s\u0131z\u0131nt\u0131s\u0131 engelleme \u00e7\u00f6z\u00fcm\u00fc sayesinde kritik ve ki\u015fisel verilerinizin \u015firket i\u00e7inde g\u00fcvenli bir \u015fekilde ta\u015f\u0131nmas\u0131n\u0131 [&hellip;]<\/p>","protected":false},"author":1,"featured_media":0,"parent":0,"menu_order":0,"comment_status":"closed","ping_status":"closed","template":"","meta":[],"_links":{"self":[{"href":"https:\/\/www.sybercode.com\/en\/wp-json\/wp\/v2\/pages\/13439"}],"collection":[{"href":"https:\/\/www.sybercode.com\/en\/wp-json\/wp\/v2\/pages"}],"about":[{"href":"https:\/\/www.sybercode.com\/en\/wp-json\/wp\/v2\/types\/page"}],"author":[{"embeddable":true,"href":"https:\/\/www.sybercode.com\/en\/wp-json\/wp\/v2\/users\/1"}],"replies":[{"embeddable":true,"href":"https:\/\/www.sybercode.com\/en\/wp-json\/wp\/v2\/comments?post=13439"}],"version-history":[{"count":3,"href":"https:\/\/www.sybercode.com\/en\/wp-json\/wp\/v2\/pages\/13439\/revisions"}],"predecessor-version":[{"id":14228,"href":"https:\/\/www.sybercode.com\/en\/wp-json\/wp\/v2\/pages\/13439\/revisions\/14228"}],"wp:attachment":[{"href":"https:\/\/www.sybercode.com\/en\/wp-json\/wp\/v2\/media?parent=13439"}],"curies":[{"name":"wp","href":"https:\/\/api.w.org\/{rel}","templated":true}]}}