{"id":13431,"date":"2020-09-20T20:27:24","date_gmt":"2020-09-20T20:27:24","guid":{"rendered":"https:\/\/www.sybercode.com\/?page_id=13431"},"modified":"2021-09-01T13:14:34","modified_gmt":"2021-09-01T13:14:34","slug":"micro-segmentation","status":"publish","type":"page","link":"https:\/\/www.sybercode.com\/en\/micro-segmentation\/","title":{"rendered":"Micro Segmentation"},"content":{"rendered":"<p><strong>Microsegmentation<\/strong><\/p>\n<div class=\"service_details-desc\">\n<p class=\"paragraph\">With the traditional security approach, the north-south line is protected. With microsegmentation, east-west traffic between servers is monitored and protection is provided. In case of violation, horizontal movement of the attacker is prevented.<\/p>\n<p>&nbsp;<\/p>\n<p class=\"paragraph\">\n<\/div>","protected":false},"excerpt":{"rendered":"<p>Microsegmentation Geleneksel g\u00fcvenlik yakla\u015f\u0131m\u0131yla kuzey-g\u00fcney hatt\u0131 korunmaktad\u0131r. Mikrosegmentasyon ile sunucular aras\u0131ndaki do\u011fu-bat\u0131 trafi\u011fi izlenmekte ve koruma sa\u011flan\u0131r. \u0130hlal durumunda sald\u0131rgan\u0131n yatay hareketi engellenmi\u015f olur. &nbsp;<\/p>","protected":false},"author":1,"featured_media":0,"parent":0,"menu_order":0,"comment_status":"closed","ping_status":"closed","template":"","meta":[],"_links":{"self":[{"href":"https:\/\/www.sybercode.com\/en\/wp-json\/wp\/v2\/pages\/13431"}],"collection":[{"href":"https:\/\/www.sybercode.com\/en\/wp-json\/wp\/v2\/pages"}],"about":[{"href":"https:\/\/www.sybercode.com\/en\/wp-json\/wp\/v2\/types\/page"}],"author":[{"embeddable":true,"href":"https:\/\/www.sybercode.com\/en\/wp-json\/wp\/v2\/users\/1"}],"replies":[{"embeddable":true,"href":"https:\/\/www.sybercode.com\/en\/wp-json\/wp\/v2\/comments?post=13431"}],"version-history":[{"count":4,"href":"https:\/\/www.sybercode.com\/en\/wp-json\/wp\/v2\/pages\/13431\/revisions"}],"predecessor-version":[{"id":14239,"href":"https:\/\/www.sybercode.com\/en\/wp-json\/wp\/v2\/pages\/13431\/revisions\/14239"}],"wp:attachment":[{"href":"https:\/\/www.sybercode.com\/en\/wp-json\/wp\/v2\/media?parent=13431"}],"curies":[{"name":"wp","href":"https:\/\/api.w.org\/{rel}","templated":true}]}}