{"id":13429,"date":"2020-09-20T20:26:53","date_gmt":"2020-09-20T20:26:53","guid":{"rendered":"https:\/\/www.sybercode.com\/?page_id=13429"},"modified":"2021-09-01T13:14:02","modified_gmt":"2021-09-01T13:14:02","slug":"honey-pot","status":"publish","type":"page","link":"https:\/\/www.sybercode.com\/en\/honey-pot\/","title":{"rendered":"Honey Pot"},"content":{"rendered":"<p><strong>Honeypot<\/strong><\/p>\n<div class=\"service_details-desc\">\n<p>Deception technologies are an essential defense area for organizations. With decoy systems, attackers gain access to virtual systems that appear to be real. In this way, early detection of attacks is ensured.<img decoding=\"async\" class=\"loading\" src=\"http:\/\/mopp.website\/sybercode\/upload\/image\/14250trapx.jpg\" alt=\"\" data-was-processed=\"true\" \/><\/p>\n<\/div>","protected":false},"excerpt":{"rendered":"<p>Honeypot Aldatma teknolojileri kurulu\u015flar i\u00e7in gerekli olan bir savunma alan\u0131d\u0131r. Tuzak sistemler ile sald\u0131rganlar ger\u00e7ek gibi g\u00f6r\u00fcnen sanal sistemlere eri\u015fim sa\u011flarlar. Bu sayede sald\u0131r\u0131lar\u0131n erken tespiti sa\u011flanm\u0131\u015f olur.<\/p>","protected":false},"author":1,"featured_media":0,"parent":0,"menu_order":0,"comment_status":"closed","ping_status":"closed","template":"","meta":[],"_links":{"self":[{"href":"https:\/\/www.sybercode.com\/en\/wp-json\/wp\/v2\/pages\/13429"}],"collection":[{"href":"https:\/\/www.sybercode.com\/en\/wp-json\/wp\/v2\/pages"}],"about":[{"href":"https:\/\/www.sybercode.com\/en\/wp-json\/wp\/v2\/types\/page"}],"author":[{"embeddable":true,"href":"https:\/\/www.sybercode.com\/en\/wp-json\/wp\/v2\/users\/1"}],"replies":[{"embeddable":true,"href":"https:\/\/www.sybercode.com\/en\/wp-json\/wp\/v2\/comments?post=13429"}],"version-history":[{"count":2,"href":"https:\/\/www.sybercode.com\/en\/wp-json\/wp\/v2\/pages\/13429\/revisions"}],"predecessor-version":[{"id":14234,"href":"https:\/\/www.sybercode.com\/en\/wp-json\/wp\/v2\/pages\/13429\/revisions\/14234"}],"wp:attachment":[{"href":"https:\/\/www.sybercode.com\/en\/wp-json\/wp\/v2\/media?parent=13429"}],"curies":[{"name":"wp","href":"https:\/\/api.w.org\/{rel}","templated":true}]}}