{"id":13419,"date":"2020-09-20T20:23:57","date_gmt":"2020-09-20T20:23:57","guid":{"rendered":"https:\/\/www.sybercode.com\/?page_id=13419"},"modified":"2021-09-01T13:14:17","modified_gmt":"2021-09-01T13:14:17","slug":"ids-ips","status":"publish","type":"page","link":"https:\/\/www.sybercode.com\/en\/ids-ips\/","title":{"rendered":"IDS\/IPS"},"content":{"rendered":"<p><strong>IPS<\/strong><\/p>\n<div class=\"service_details-desc\">\n<p class=\"paragraph\">Intrusion Prevention Systems prevent malicious events by constantly monitoring access to your network. Intrusion Prevention systems offer countermeasures against the following threats:<\/p>\n<ul>\n<li class=\"paragraph\">DoS Attacks<\/li>\n<li class=\"paragraph\">DDoS Attacks<\/li>\n<li class=\"paragraph\">Exploits<\/li>\n<li class=\"paragraph\">Worms<\/li>\n<li class=\"paragraph\">Virus<\/li>\n<\/ul>\n<p class=\"paragraph\"><img decoding=\"async\" class=\"loading\" src=\"http:\/\/mopp.website\/sybercode\/upload\/image\/71210Forcepoint.png\" alt=\"\" data-was-processed=\"true\" \/><img decoding=\"async\" class=\"loading\" src=\"http:\/\/mopp.website\/sybercode\/upload\/image\/85176mcafee.jpg\" alt=\"\" data-was-processed=\"true\" \/><\/p>\n<\/div>","protected":false},"excerpt":{"rendered":"<p>IPS Atak \u00d6nleme Sistemleri a\u011f\u0131n\u0131z\u0131 olan eri\u015fimleri s\u00fcrekli izleyerek k\u00f6t\u00fc ama\u00e7l\u0131 olaylar\u0131 engeller. Atak \u00d6nleme sistemlerinin a\u015fa\u011f\u0131daki tehditlere kar\u015f\u0131 \u00f6nlemler sunar: DoS Ataklar\u0131 DDoS Ataklar\u0131 Expoitler Solucanlar Virusler<\/p>","protected":false},"author":1,"featured_media":0,"parent":0,"menu_order":0,"comment_status":"closed","ping_status":"closed","template":"","meta":[],"_links":{"self":[{"href":"https:\/\/www.sybercode.com\/en\/wp-json\/wp\/v2\/pages\/13419"}],"collection":[{"href":"https:\/\/www.sybercode.com\/en\/wp-json\/wp\/v2\/pages"}],"about":[{"href":"https:\/\/www.sybercode.com\/en\/wp-json\/wp\/v2\/types\/page"}],"author":[{"embeddable":true,"href":"https:\/\/www.sybercode.com\/en\/wp-json\/wp\/v2\/users\/1"}],"replies":[{"embeddable":true,"href":"https:\/\/www.sybercode.com\/en\/wp-json\/wp\/v2\/comments?post=13419"}],"version-history":[{"count":2,"href":"https:\/\/www.sybercode.com\/en\/wp-json\/wp\/v2\/pages\/13419\/revisions"}],"predecessor-version":[{"id":14236,"href":"https:\/\/www.sybercode.com\/en\/wp-json\/wp\/v2\/pages\/13419\/revisions\/14236"}],"wp:attachment":[{"href":"https:\/\/www.sybercode.com\/en\/wp-json\/wp\/v2\/media?parent=13419"}],"curies":[{"name":"wp","href":"https:\/\/api.w.org\/{rel}","templated":true}]}}